{"id":837,"date":"2020-10-07T19:50:01","date_gmt":"2020-10-07T19:50:01","guid":{"rendered":"http:\/\/vccb.cl\/web-wp\/?page_id=837"},"modified":"2020-10-09T19:39:04","modified_gmt":"2020-10-09T19:39:04","slug":"aparicion-en-medios","status":"publish","type":"page","link":"https:\/\/vccb.cl\/web-wp\/aparicion-en-medios\/","title":{"rendered":"Aparici\u00f3n en medios"},"content":{"rendered":"<p>[et_pb_section fb_built=\u00bb1&#8243; _builder_version=\u00bb4.4.5&#8243; background_image=\u00bbhttp:\/\/vccb.cl\/web-wp\/wp-content\/uploads\/2020\/05\/Fondo01.jpg\u00bb][et_pb_row _builder_version=\u00bb4.4.5&#8243;][et_pb_column type=\u00bb4_4&#8243; _builder_version=\u00bb4.4.5&#8243;][et_pb_text _builder_version=\u00bb4.4.5&#8243; text_font=\u00bb||||||||\u00bb text_text_color=\u00bb#ffffff\u00bb text_font_size=\u00bb27px\u00bb text_line_height=\u00bb1.8em\u00bb]<\/p>\n<p>Aparici\u00f3n en medios<\/p>\n<p>[\/et_pb_text][\/et_pb_column][\/et_pb_row][\/et_pb_section][et_pb_section fb_built=\u00bb1&#8243; _builder_version=\u00bb4.4.5&#8243;][et_pb_row column_structure=\u00bb1_3,1_3,1_3&#8243; make_equal=\u00bbon\u00bb _builder_version=\u00bb4.4.5&#8243;][et_pb_column type=\u00bb1_3&#8243; _builder_version=\u00bb4.4.5&#8243; background_enable_color=\u00bboff\u00bb custom_padding=\u00bb0px|0px|0px|0px|true|true\u00bb][et_pb_text _builder_version=\u00bb4.4.5&#8243; header_2_text_align=\u00bbcenter\u00bb header_2_font_size=\u00bb22px\u00bb header_2_line_height=\u00bb1.1em\u00bb]<\/p>\n<h2 style=\"text-align: left;\">Innovaci\u00f3n: Plataforma tecnol\u00f3gica permitir\u00e1 mapear uso de suelos en cultivos<\/h2>\n<p>[\/et_pb_text][et_pb_button button_url=\u00bbhttps:\/\/www.portalfruticola.com\/noticias\/2020\/09\/16\/innovacion-plataforma-tecnologica-permitiria-mapear-uso-de-suelo-en-cultivos\/\u00bb url_new_window=\u00bbon\u00bb button_text=\u00bbM\u00e1s informaci\u00f3n\u00bb button_alignment=\u00bbcenter\u00bb _builder_version=\u00bb4.4.5&#8243;][\/et_pb_button][\/et_pb_column][et_pb_column type=\u00bb1_3&#8243; _builder_version=\u00bb4.4.5&#8243;][et_pb_text _builder_version=\u00bb4.4.5&#8243; header_2_text_align=\u00bbcenter\u00bb header_2_font_size=\u00bb22px\u00bb header_2_line_height=\u00bb1.1em\u00bb]<\/p>\n<h2 style=\"text-align: left;\">La importancia de los bosques nativos aleda\u00f1os a vi\u00f1edos para mantener a los carn\u00edvoros nativos en la zona central de Chile<\/h2>\n<p>[\/et_pb_text][et_pb_button button_url=\u00bbhttps:\/\/laderasur.com\/articulo\/la-importancia-de-los-bosques-nativos-aledanos-vinedos-para-mantener-los-carnivoros-nativos-en-la-zona-central-de-chile\/\u00bb url_new_window=\u00bbon\u00bb button_text=\u00bbM\u00e1s informaci\u00f3n\u00bb button_alignment=\u00bbcenter\u00bb _builder_version=\u00bb4.4.5&#8243;][\/et_pb_button][\/et_pb_column][et_pb_column type=\u00bb1_3&#8243; _builder_version=\u00bb4.4.5&#8243;][et_pb_text _builder_version=\u00bb4.4.5&#8243; header_2_text_align=\u00bbcenter\u00bb header_2_font_size=\u00bb22px\u00bb header_2_line_height=\u00bb1.1em\u00bb hover_enabled=\u00bb0&#8243;]<\/p>\n<h2 style=\"text-align: left;\"><span>Acad\u00e9mico\u00a0<\/span><span>Juan Luis Celis, habla de la investigaci\u00f3n de animales amenazados en paisajes intervenidos<\/span><\/h2>\n<p>[\/et_pb_text][et_pb_button button_url=\u00bbhttps:\/\/www.pauta.cl\/programas\/un-dia-perfecto\/desarrollan-kit-olfativo-para-detectar-casos-asintomaticos-de-covid-19&#8243; url_new_window=\u00bbon\u00bb button_text=\u00bbM\u00e1s informaci\u00f3n\u00bb button_alignment=\u00bbcenter\u00bb _builder_version=\u00bb4.4.5&#8243;][\/et_pb_button][\/et_pb_column][\/et_pb_row][\/et_pb_section]<\/p>\n","protected":false},"excerpt":{"rendered":"<p>[et_pb_section fb_built=\u00bb1&#8243; _builder_version=\u00bb4.4.5&#8243; background_image=\u00bbhttp:\/\/vccb.cl\/web-wp\/wp-content\/uploads\/2020\/05\/Fondo01.jpg\u00bb][et_pb_row _builder_version=\u00bb4.4.5&#8243;][et_pb_column type=\u00bb4_4&#8243; _builder_version=\u00bb4.4.5&#8243;][et_pb_text _builder_version=\u00bb4.4.5&#8243; text_font=\u00bb||||||||\u00bb text_text_color=\u00bb#ffffff\u00bb text_font_size=\u00bb27px\u00bb text_line_height=\u00bb1.8em\u00bb] Aparici\u00f3n en medios [\/et_pb_text][\/et_pb_column][\/et_pb_row][\/et_pb_section][et_pb_section fb_built=\u00bb1&#8243; _builder_version=\u00bb4.4.5&#8243;][et_pb_row column_structure=\u00bb1_3,1_3,1_3&#8243; make_equal=\u00bbon\u00bb _builder_version=\u00bb4.4.5&#8243;][et_pb_column type=\u00bb1_3&#8243; _builder_version=\u00bb4.4.5&#8243; background_enable_color=\u00bboff\u00bb custom_padding=\u00bb0px|0px|0px|0px|true|true\u00bb][et_pb_text _builder_version=\u00bb4.4.5&#8243; header_2_text_align=\u00bbcenter\u00bb header_2_font_size=\u00bb22px\u00bb header_2_line_height=\u00bb1.1em\u00bb] Innovaci\u00f3n: Plataforma tecnol\u00f3gica permitir\u00e1 mapear uso de suelos en cultivos [\/et_pb_text][et_pb_button button_url=\u00bbhttps:\/\/www.portalfruticola.com\/noticias\/2020\/09\/16\/innovacion-plataforma-tecnologica-permitiria-mapear-uso-de-suelo-en-cultivos\/\u00bb url_new_window=\u00bbon\u00bb button_text=\u00bbM\u00e1s informaci\u00f3n\u00bb button_alignment=\u00bbcenter\u00bb _builder_version=\u00bb4.4.5&#8243;][\/et_pb_button][\/et_pb_column][et_pb_column type=\u00bb1_3&#8243; _builder_version=\u00bb4.4.5&#8243;][et_pb_text _builder_version=\u00bb4.4.5&#8243; header_2_text_align=\u00bbcenter\u00bb header_2_font_size=\u00bb22px\u00bb header_2_line_height=\u00bb1.1em\u00bb] La importancia de [&hellip;]<\/p>\n","protected":false},"author":1,"featured_media":0,"parent":0,"menu_order":0,"comment_status":"closed","ping_status":"closed","template":"","meta":{"_et_pb_use_builder":"on","_et_pb_old_content":"","_et_gb_content_width":"","inline_featured_image":false,"_monsterinsights_skip_tracking":false,"_monsterinsights_sitenote_active":false,"_monsterinsights_sitenote_note":"","_monsterinsights_sitenote_category":0,"footnotes":""},"class_list":["post-837","page","type-page","status-publish","hentry"],"_links":{"self":[{"href":"https:\/\/vccb.cl\/web-wp\/wp-json\/wp\/v2\/pages\/837","targetHints":{"allow":["GET"]}}],"collection":[{"href":"https:\/\/vccb.cl\/web-wp\/wp-json\/wp\/v2\/pages"}],"about":[{"href":"https:\/\/vccb.cl\/web-wp\/wp-json\/wp\/v2\/types\/page"}],"author":[{"embeddable":true,"href":"https:\/\/vccb.cl\/web-wp\/wp-json\/wp\/v2\/users\/1"}],"replies":[{"embeddable":true,"href":"https:\/\/vccb.cl\/web-wp\/wp-json\/wp\/v2\/comments?post=837"}],"version-history":[{"count":4,"href":"https:\/\/vccb.cl\/web-wp\/wp-json\/wp\/v2\/pages\/837\/revisions"}],"predecessor-version":[{"id":854,"href":"https:\/\/vccb.cl\/web-wp\/wp-json\/wp\/v2\/pages\/837\/revisions\/854"}],"wp:attachment":[{"href":"https:\/\/vccb.cl\/web-wp\/wp-json\/wp\/v2\/media?parent=837"}],"curies":[{"name":"wp","href":"https:\/\/api.w.org\/{rel}","templated":true}]}}