{"id":701,"date":"2020-09-04T16:16:00","date_gmt":"2020-09-04T16:16:00","guid":{"rendered":"http:\/\/vccb.cl\/web-wp\/?page_id=701"},"modified":"2020-09-17T15:43:44","modified_gmt":"2020-09-17T15:43:44","slug":"fondos","status":"publish","type":"page","link":"https:\/\/vccb.cl\/web-wp\/fondos\/","title":{"rendered":"Fondos adjudicados"},"content":{"rendered":"<p>[et_pb_section fb_built=\u00bb1&#8243; _builder_version=\u00bb4.4.5&#8243; background_image=\u00bbhttp:\/\/vccb.cl\/web-wp\/wp-content\/uploads\/2020\/05\/Fondo01.jpg\u00bb][et_pb_row _builder_version=\u00bb4.4.5&#8243;][et_pb_column type=\u00bb4_4&#8243; _builder_version=\u00bb4.4.5&#8243;][et_pb_text _builder_version=\u00bb4.4.5&#8243; text_font=\u00bb||||||||\u00bb text_text_color=\u00bb#ffffff\u00bb text_font_size=\u00bb27px\u00bb text_line_height=\u00bb1.8em\u00bb]<\/p>\n<p>Fondos adjudicados\u00a0<\/p>\n<p>[\/et_pb_text][\/et_pb_column][\/et_pb_row][\/et_pb_section][et_pb_section fb_built=\u00bb1&#8243; _builder_version=\u00bb4.4.5&#8243; background_color=\u00bb#51335f\u00bb custom_margin=\u00bb0px||0px||true|false\u00bb custom_padding=\u00bb20px||20px||true|false\u00bb][et_pb_row use_custom_gutter=\u00bbon\u00bb _builder_version=\u00bb4.4.5&#8243; background_enable_color=\u00bboff\u00bb max_width=\u00bb100%\u00bb][et_pb_column type=\u00bb4_4&#8243; _builder_version=\u00bb4.4.5&#8243;][et_pb_text _builder_version=\u00bb4.4.5&#8243; header_2_text_color=\u00bb#ffffff\u00bb header_2_font_size=\u00bb32px\u00bb hover_enabled=\u00bb0&#8243; text_orientation=\u00bbcenter\u00bb]<\/p>\n<h2>Ecolog\u00eda Ecosist\u00e9micas y Gesti\u00f3n de la Conservaci\u00f3n<\/h2>\n<p>[\/et_pb_text][\/et_pb_column][\/et_pb_row][\/et_pb_section][et_pb_section fb_built=\u00bb1&#8243; _builder_version=\u00bb4.4.5&#8243; custom_padding=\u00bb35px|||||\u00bb][et_pb_row column_structure=\u00bb2_5,3_5&#8243; make_equal=\u00bbon\u00bb _builder_version=\u00bb4.4.5&#8243; module_alignment=\u00bbcenter\u00bb][et_pb_column type=\u00bb2_5&#8243; _builder_version=\u00bb4.4.5&#8243; custom_css_main_element=\u00bbdisplay: flex;|| flex-direction: column;|| justify-content: center;\u00bb][et_pb_text _builder_version=\u00bb4.4.5&#8243; text_font=\u00bbAmaranth|700|||||||\u00bb text_text_color=\u00bb#8d7694&#8243; text_font_size=\u00bb65px\u00bb text_orientation=\u00bbcenter\u00bb custom_css_main_element_last_edited=\u00bboff|desktop\u00bb]2019-2021[\/et_pb_text][\/et_pb_column][et_pb_column type=\u00bb3_5&#8243; _builder_version=\u00bb4.4.5&#8243;][et_pb_text _builder_version=\u00bb4.4.5&#8243;]Apoyo a centros cient\u00edficos y tecnol\u00f3gicos de excelencia con financiamiento basal 2017 &#8211; Instituto de Ecolog\u00eda y Biodiversidad. Fondo PIA de CONICYT &#8211; AFB170008. PI-L\u00ednea: Dra. Olga Barbosa.[\/et_pb_text][\/et_pb_column][\/et_pb_row][et_pb_row column_structure=\u00bb2_5,3_5&#8243; make_equal=\u00bbon\u00bb _builder_version=\u00bb4.4.5&#8243; animation_style=\u00bbzoom\u00bb animation_intensity_zoom=\u00bb10%\u00bb][et_pb_column type=\u00bb2_5&#8243; _builder_version=\u00bb4.4.5&#8243; custom_css_main_element=\u00bbdisplay: flex;|| flex-direction: column;|| justify-content: center;\u00bb][et_pb_text _builder_version=\u00bb4.4.5&#8243; text_font=\u00bbAmaranth|700|||||||\u00bb text_text_color=\u00bb#8d7694&#8243; text_font_size=\u00bb65px\u00bb text_orientation=\u00bbcenter\u00bb]2018-2019[\/et_pb_text][\/et_pb_column][et_pb_column type=\u00bb3_5&#8243; _builder_version=\u00bb4.4.5&#8243;][et_pb_text _builder_version=\u00bb4.4.5&#8243;]Mapeo y cuantificaci\u00f3n de servicios ecosist\u00e9micos para una viticultura sustentable en el Valle de Colchagua, Chile. Proyecto colaborativo con Joint Nature Conservation Committee. PI: Dra. Olga Barbosa[\/et_pb_text][\/et_pb_column][\/et_pb_row][et_pb_row column_structure=\u00bb2_5,3_5&#8243; make_equal=\u00bbon\u00bb _builder_version=\u00bb4.4.5&#8243; animation_style=\u00bbzoom\u00bb animation_intensity_zoom=\u00bb10%\u00bb][et_pb_column type=\u00bb2_5&#8243; _builder_version=\u00bb4.4.5&#8243; custom_css_main_element=\u00bbdisplay: flex;|| flex-direction: column;|| justify-content: center;\u00bb][et_pb_text _builder_version=\u00bb4.4.5&#8243; text_font=\u00bbAmaranth|700|||||||\u00bb text_text_color=\u00bb#8d7694&#8243; text_font_size=\u00bb65px\u00bb text_orientation=\u00bbcenter\u00bb]2013-2015[\/et_pb_text][\/et_pb_column][et_pb_column type=\u00bb3_5&#8243; _builder_version=\u00bb4.4.5&#8243;][et_pb_text _builder_version=\u00bb4.4.5&#8243;]Manejo de la Biodiversidad y Servicios Ecosist\u00e9micos para mejorar la resiliencia de la producci\u00f3n vitivin\u00edcola chilena. CORFO-Vinos de Chile. PI: Dra. Olga Barbosa.[\/et_pb_text][\/et_pb_column][\/et_pb_row][et_pb_row column_structure=\u00bb2_5,3_5&#8243; _builder_version=\u00bb4.4.5&#8243; custom_margin=\u00bb8px|auto||auto||\u00bb animation_style=\u00bbzoom\u00bb animation_intensity_zoom=\u00bb10%\u00bb][et_pb_column type=\u00bb2_5&#8243; _builder_version=\u00bb4.4.5&#8243;][et_pb_text _builder_version=\u00bb4.4.5&#8243; text_font=\u00bbAmaranth|700|||||||\u00bb text_text_color=\u00bb#8d7694&#8243; text_font_size=\u00bb65px\u00bb text_orientation=\u00bbcenter\u00bb]2016[\/et_pb_text][\/et_pb_column][et_pb_column type=\u00bb3_5&#8243; _builder_version=\u00bb4.4.5&#8243;][et_pb_text _builder_version=\u00bb4.4.5&#8243;]Desarrollar y evaluar servicios ecosist\u00e9micos en base a biodiversidad funcional con cultivos de cobertura y flora auxiliar nativa en sistemas vit\u00edcolas. INNOVA Chile.[\/et_pb_text][\/et_pb_column][\/et_pb_row][et_pb_row column_structure=\u00bb2_5,3_5&#8243; make_equal=\u00bbon\u00bb _builder_version=\u00bb4.4.5&#8243; animation_style=\u00bbzoom\u00bb animation_intensity_zoom=\u00bb10%\u00bb][et_pb_column type=\u00bb2_5&#8243; _builder_version=\u00bb4.4.5&#8243; custom_css_main_element=\u00bbdisplay: flex;|| flex-direction: column;|| justify-content: center;\u00bb][et_pb_text _builder_version=\u00bb4.4.5&#8243; text_font=\u00bbAmaranth|700|||||||\u00bb text_text_color=\u00bb#8d7694&#8243; text_font_size=\u00bb65px\u00bb text_orientation=\u00bbcenter\u00bb]2008-2018[\/et_pb_text][\/et_pb_column][et_pb_column type=\u00bb3_5&#8243; _builder_version=\u00bb4.4.5&#8243;][et_pb_text _builder_version=\u00bb4.4.5&#8243;]Centros cient\u00edficos y tecnol\u00f3gicos de excelencia &#8211; Instituto de Ecolog\u00eda y Biodiversidad. Fondos Basales CONICYT &#8211; PFB 23. PI-L\u00ednea: Dra. Olga Barbosa.[\/et_pb_text][\/et_pb_column][\/et_pb_row][\/et_pb_section][et_pb_section fb_built=\u00bb1&#8243; _builder_version=\u00bb4.4.5&#8243; background_color=\u00bb#4484c3&#8243; custom_margin=\u00bb0px||0px||true|false\u00bb custom_padding=\u00bb20px||20px||true|false\u00bb][et_pb_row use_custom_gutter=\u00bbon\u00bb _builder_version=\u00bb4.4.5&#8243; background_enable_color=\u00bboff\u00bb max_width=\u00bb100%\u00bb][et_pb_column type=\u00bb4_4&#8243; _builder_version=\u00bb4.4.5&#8243;][et_pb_text _builder_version=\u00bb4.4.5&#8243; header_2_text_color=\u00bb#ffffff\u00bb header_2_font_size=\u00bb32px\u00bb hover_enabled=\u00bb0&#8243; text_orientation=\u00bbcenter\u00bb]<\/p>\n<h2>Dimensi\u00f3n Humana de la Conservaci\u00f3n Biol\u00f3gica<\/h2>\n<p>[\/et_pb_text][\/et_pb_column][\/et_pb_row][\/et_pb_section][et_pb_section fb_built=\u00bb1&#8243; _builder_version=\u00bb4.4.5&#8243; custom_padding=\u00bb35px|||||\u00bb][et_pb_row column_structure=\u00bb2_5,3_5&#8243; make_equal=\u00bbon\u00bb _builder_version=\u00bb4.4.5&#8243; module_alignment=\u00bbcenter\u00bb][et_pb_column type=\u00bb2_5&#8243; _builder_version=\u00bb4.4.5&#8243; custom_css_main_element=\u00bbdisplay: flex;|| flex-direction: column;|| justify-content: center;\u00bb][et_pb_text _builder_version=\u00bb4.4.5&#8243; text_font=\u00bbAmaranth|700|||||||\u00bb text_text_color=\u00bb#99b2dc\u00bb text_font_size=\u00bb65px\u00bb text_orientation=\u00bbcenter\u00bb custom_css_main_element_last_edited=\u00bboff|desktop\u00bb]2015-2016[\/et_pb_text][\/et_pb_column][et_pb_column type=\u00bb3_5&#8243; _builder_version=\u00bb4.4.5&#8243;][et_pb_text _builder_version=\u00bb4.4.5&#8243;]Enhancing Sustainable Agriculture and Biodiversity in Chile&#8217;s Mediterranean Ecosystems: Evaluation of a Conservation Partnership with the Wine Industry. The Rufford Foundation (UK). PI: Dra. Marcela Marquez.[\/et_pb_text][\/et_pb_column][\/et_pb_row][et_pb_row column_structure=\u00bb2_5,3_5&#8243; make_equal=\u00bbon\u00bb _builder_version=\u00bb4.4.5&#8243; animation_style=\u00bbzoom\u00bb animation_intensity_zoom=\u00bb10%\u00bb][et_pb_column type=\u00bb2_5&#8243; _builder_version=\u00bb4.4.5&#8243; custom_css_main_element=\u00bbdisplay: flex;|| flex-direction: column;|| justify-content: center;\u00bb][et_pb_text _builder_version=\u00bb4.4.5&#8243; text_font=\u00bbAmaranth|700|||||||\u00bb text_text_color=\u00bb#99b2dc\u00bb text_font_size=\u00bb65px\u00bb text_orientation=\u00bbcenter\u00bb]2015-2016[\/et_pb_text][\/et_pb_column][et_pb_column type=\u00bb3_5&#8243; _builder_version=\u00bb4.4.5&#8243;][et_pb_text _builder_version=\u00bb4.4.5&#8243;]Conserving Chile&#8217;s Threatened Mediterranean Ecosystems: Evaluation of Winegrowers&#8217; Adoption of Conservation Practices. IDEA WILD. PI: Dra. Marcela Marquez[\/et_pb_text][\/et_pb_column][\/et_pb_row][et_pb_row column_structure=\u00bb2_5,3_5&#8243; make_equal=\u00bbon\u00bb _builder_version=\u00bb4.4.5&#8243; animation_style=\u00bbzoom\u00bb animation_intensity_zoom=\u00bb10%\u00bb][et_pb_column type=\u00bb2_5&#8243; _builder_version=\u00bb4.4.5&#8243; custom_css_main_element=\u00bbdisplay: flex;|| flex-direction: column;|| justify-content: center;\u00bb][et_pb_text _builder_version=\u00bb4.4.5&#8243; text_font=\u00bbAmaranth|700|||||||\u00bb text_text_color=\u00bb#99b2dc\u00bb text_font_size=\u00bb65px\u00bb text_orientation=\u00bbcenter\u00bb]2014-2015[\/et_pb_text][\/et_pb_column][et_pb_column type=\u00bb3_5&#8243; _builder_version=\u00bb4.4.5&#8243;][et_pb_text _builder_version=\u00bb4.4.5&#8243;]Winegrowers&#8217; Adoption of Conservation Practices in Chile\u2019s Mediterranean Ecosystems: Corporate Conservation Behavior Analysis and Program Evaluation. Graduate School, University of Florida. PI: Dra. Marcela Marquez[\/et_pb_text][\/et_pb_column][\/et_pb_row][et_pb_row column_structure=\u00bb2_5,3_5&#8243; _builder_version=\u00bb4.4.5&#8243; custom_margin=\u00bb8px|auto||auto||\u00bb animation_style=\u00bbzoom\u00bb animation_intensity_zoom=\u00bb10%\u00bb][et_pb_column type=\u00bb2_5&#8243; _builder_version=\u00bb4.4.5&#8243;][et_pb_text _builder_version=\u00bb4.4.5&#8243; text_font=\u00bbAmaranth|700|||||||\u00bb text_text_color=\u00bb#99b2dc\u00bb text_font_size=\u00bb65px\u00bb text_orientation=\u00bbcenter\u00bb]2013[\/et_pb_text][\/et_pb_column][et_pb_column type=\u00bb3_5&#8243; _builder_version=\u00bb4.4.5&#8243;][et_pb_text _builder_version=\u00bb4.4.5&#8243;]Attitudes and Factors Influencing Behavior Change of Wine Producers Toward the Conservation of Chile&#8217;s Mediterranean Habitat. Tropical Conservation and Development Program Research Grant and the Tinker, Foundation at the University of Florida. PI: Dra. Marcela Marquez[\/et_pb_text][\/et_pb_column][\/et_pb_row][\/et_pb_section][et_pb_section fb_built=\u00bb1&#8243; _builder_version=\u00bb4.4.5&#8243; background_color=\u00bb#88C496&#8243; custom_margin=\u00bb0px||0px||true|false\u00bb custom_padding=\u00bb20px||20px||true|false\u00bb][et_pb_row use_custom_gutter=\u00bbon\u00bb _builder_version=\u00bb4.4.5&#8243; background_enable_color=\u00bboff\u00bb max_width=\u00bb100%\u00bb][et_pb_column type=\u00bb4_4&#8243; _builder_version=\u00bb4.4.5&#8243;][et_pb_text _builder_version=\u00bb4.4.5&#8243; header_2_text_color=\u00bb#ffffff\u00bb header_2_font_size=\u00bb32px\u00bb hover_enabled=\u00bb0&#8243; text_orientation=\u00bbcenter\u00bb]<\/p>\n<h2>Biolog\u00eda Microbiana<\/h2>\n<p>[\/et_pb_text][\/et_pb_column][\/et_pb_row][\/et_pb_section][et_pb_section fb_built=\u00bb1&#8243; _builder_version=\u00bb4.4.5&#8243; custom_padding=\u00bb35px|||||\u00bb][et_pb_row column_structure=\u00bb2_5,3_5&#8243; make_equal=\u00bbon\u00bb _builder_version=\u00bb4.4.5&#8243; module_alignment=\u00bbcenter\u00bb][et_pb_column type=\u00bb2_5&#8243; _builder_version=\u00bb4.4.5&#8243; custom_css_main_element=\u00bbdisplay: flex;|| flex-direction: column;|| justify-content: center;\u00bb][et_pb_text _builder_version=\u00bb4.4.5&#8243; text_font=\u00bbAmaranth|700|||||||\u00bb text_text_color=\u00bb#BEDDC1&#8243; text_font_size=\u00bb65px\u00bb header_text_color=\u00bb#000000&#8243; text_orientation=\u00bbcenter\u00bb custom_css_main_element_last_edited=\u00bboff|desktop\u00bb]2016-2018[\/et_pb_text][\/et_pb_column][et_pb_column type=\u00bb3_5&#8243; _builder_version=\u00bb4.4.5&#8243;][et_pb_text _builder_version=\u00bb4.4.5&#8243;]Tesis doctoral en el sector productivo primera convocatoria 2016 &#8211; (T7816110001). Programa de atracci\u00f3n e inserci\u00f3n de capital humano avanzado (PAI) de CONICYT. PI: Dr. Roland S\u00e1nchez[\/et_pb_text][\/et_pb_column][\/et_pb_row][\/et_pb_section]<\/p>\n","protected":false},"excerpt":{"rendered":"<p>[et_pb_section fb_built=\u00bb1&#8243; _builder_version=\u00bb4.4.5&#8243; background_image=\u00bbhttp:\/\/vccb.cl\/web-wp\/wp-content\/uploads\/2020\/05\/Fondo01.jpg\u00bb][et_pb_row _builder_version=\u00bb4.4.5&#8243;][et_pb_column type=\u00bb4_4&#8243; _builder_version=\u00bb4.4.5&#8243;][et_pb_text _builder_version=\u00bb4.4.5&#8243; text_font=\u00bb||||||||\u00bb text_text_color=\u00bb#ffffff\u00bb text_font_size=\u00bb27px\u00bb text_line_height=\u00bb1.8em\u00bb] Fondos adjudicados\u00a0 [\/et_pb_text][\/et_pb_column][\/et_pb_row][\/et_pb_section][et_pb_section fb_built=\u00bb1&#8243; _builder_version=\u00bb4.4.5&#8243; background_color=\u00bb#51335f\u00bb custom_margin=\u00bb0px||0px||true|false\u00bb custom_padding=\u00bb20px||20px||true|false\u00bb][et_pb_row use_custom_gutter=\u00bbon\u00bb _builder_version=\u00bb4.4.5&#8243; background_enable_color=\u00bboff\u00bb max_width=\u00bb100%\u00bb][et_pb_column type=\u00bb4_4&#8243; _builder_version=\u00bb4.4.5&#8243;][et_pb_text _builder_version=\u00bb4.4.5&#8243; header_2_text_color=\u00bb#ffffff\u00bb header_2_font_size=\u00bb32px\u00bb hover_enabled=\u00bb0&#8243; text_orientation=\u00bbcenter\u00bb] Ecolog\u00eda Ecosist\u00e9micas y Gesti\u00f3n de la Conservaci\u00f3n [\/et_pb_text][\/et_pb_column][\/et_pb_row][\/et_pb_section][et_pb_section fb_built=\u00bb1&#8243; _builder_version=\u00bb4.4.5&#8243; custom_padding=\u00bb35px|||||\u00bb][et_pb_row column_structure=\u00bb2_5,3_5&#8243; make_equal=\u00bbon\u00bb _builder_version=\u00bb4.4.5&#8243; module_alignment=\u00bbcenter\u00bb][et_pb_column type=\u00bb2_5&#8243; _builder_version=\u00bb4.4.5&#8243; custom_css_main_element=\u00bbdisplay: flex;|| flex-direction: column;|| justify-content: center;\u00bb][et_pb_text _builder_version=\u00bb4.4.5&#8243; [&hellip;]<\/p>\n","protected":false},"author":1,"featured_media":0,"parent":0,"menu_order":0,"comment_status":"closed","ping_status":"closed","template":"","meta":{"_et_pb_use_builder":"on","_et_pb_old_content":"","_et_gb_content_width":"","inline_featured_image":false,"_monsterinsights_skip_tracking":false,"_monsterinsights_sitenote_active":false,"_monsterinsights_sitenote_note":"","_monsterinsights_sitenote_category":0,"footnotes":""},"class_list":["post-701","page","type-page","status-publish","hentry"],"_links":{"self":[{"href":"https:\/\/vccb.cl\/web-wp\/wp-json\/wp\/v2\/pages\/701","targetHints":{"allow":["GET"]}}],"collection":[{"href":"https:\/\/vccb.cl\/web-wp\/wp-json\/wp\/v2\/pages"}],"about":[{"href":"https:\/\/vccb.cl\/web-wp\/wp-json\/wp\/v2\/types\/page"}],"author":[{"embeddable":true,"href":"https:\/\/vccb.cl\/web-wp\/wp-json\/wp\/v2\/users\/1"}],"replies":[{"embeddable":true,"href":"https:\/\/vccb.cl\/web-wp\/wp-json\/wp\/v2\/comments?post=701"}],"version-history":[{"count":7,"href":"https:\/\/vccb.cl\/web-wp\/wp-json\/wp\/v2\/pages\/701\/revisions"}],"predecessor-version":[{"id":774,"href":"https:\/\/vccb.cl\/web-wp\/wp-json\/wp\/v2\/pages\/701\/revisions\/774"}],"wp:attachment":[{"href":"https:\/\/vccb.cl\/web-wp\/wp-json\/wp\/v2\/media?parent=701"}],"curies":[{"name":"wp","href":"https:\/\/api.w.org\/{rel}","templated":true}]}}