{"id":680,"date":"2020-09-03T16:29:35","date_gmt":"2020-09-03T16:29:35","guid":{"rendered":"http:\/\/vccb.cl\/web-wp\/?page_id=680"},"modified":"2020-10-07T19:42:30","modified_gmt":"2020-10-07T19:42:30","slug":"linea-de-investigacion","status":"publish","type":"page","link":"https:\/\/vccb.cl\/web-wp\/linea-de-investigacion\/","title":{"rendered":"L\u00ednea de investigaci\u00f3n"},"content":{"rendered":"<p>[et_pb_section fb_built=\u00bb1&#8243; _builder_version=\u00bb4.4.5&#8243; background_image=\u00bbhttp:\/\/vccb.cl\/web-wp\/wp-content\/uploads\/2020\/05\/Fondo01.jpg\u00bb][et_pb_row _builder_version=\u00bb4.4.5&#8243;][et_pb_column type=\u00bb4_4&#8243; _builder_version=\u00bb4.4.5&#8243;][et_pb_text _builder_version=\u00bb4.4.5&#8243; text_font=\u00bb||||||||\u00bb text_text_color=\u00bb#ffffff\u00bb text_font_size=\u00bb27px\u00bb text_line_height=\u00bb1.8em\u00bb]<\/p>\n<p>L\u00ednea de investigaci\u00f3n <\/p>\n<p>[\/et_pb_text][\/et_pb_column][\/et_pb_row][\/et_pb_section][et_pb_section fb_built=\u00bb1&#8243; _builder_version=\u00bb4.4.5&#8243;][et_pb_row column_structure=\u00bb1_3,2_3&#8243; make_equal=\u00bbon\u00bb _builder_version=\u00bb4.4.5&#8243;][et_pb_column type=\u00bb1_3&#8243; _builder_version=\u00bb4.4.5&#8243; background_color=\u00bb#51335F\u00bb custom_padding=\u00bb20px|20px|20px|20px|true|true\u00bb custom_css_main_element=\u00bbdisplay: flex;||flex-direction: column;||justify-content: center;\u00bb][et_pb_text _builder_version=\u00bb4.4.5&#8243; header_2_text_color=\u00bb#ffffff\u00bb header_2_font_size=\u00bb32px\u00bb header_2_line_height=\u00bb1.1em\u00bb]<\/p>\n<h2>Ecolog\u00eda Ecosist\u00e9micas y Gesti\u00f3n de la Conservaci\u00f3n<\/h2>\n<p>[\/et_pb_text][\/et_pb_column][et_pb_column type=\u00bb2_3&#8243; _builder_version=\u00bb4.4.5&#8243;][et_pb_text _builder_version=\u00bb4.4.5&#8243; hover_enabled=\u00bb0&#8243;]<\/p>\n<h3 style=\"text-align: justify;\"><a name=\"_Toc46499467\"><\/a>DESCRIPCI\u00d3N L\u00cdNEA<o:p><\/o:p><\/h3>\n<p style=\"text-align: justify;\">Mediante la experimentaci\u00f3n y el estudio de campo buscamos comprender c\u00f3mo los ecosistemas naturales contribuyen a los procesos productivos del sector vitivin\u00edcola y a las comunidades locales, para poner en valor la biodiversidad \u00fanica y end\u00e9mica de Chile.<\/p>\n<p style=\"text-align: justify;\">En esta l\u00ednea de investigaci\u00f3n se desarrollan soluciones innovadoras para la gesti\u00f3n del capital natural. Las estrategias y pr\u00e1cticas buscan que los tomadores de decisiones mejoren el uso y aprovechamiento de las contribuciones de la naturaleza, como una estrategia para conservar los recursos naturales y avanzar hacia una producci\u00f3n sustentable basada en evidencia.<\/p>\n<p>[\/et_pb_text][et_pb_text _builder_version=\u00bb4.4.5&#8243; hover_enabled=\u00bb0&#8243;]<\/p>\n<h3><a name=\"_Toc46499468\"><\/a>PLATAFORMA VINES<o:p><\/o:p><\/h3>\n<p style=\"text-align: justify;\">Plataforma piloto interactiva, que poner al servicio del sector productivo informaci\u00f3n derivada de im\u00e1genes de alta resoluci\u00f3n que permita analizar mapas de servicios a escala local y regional, identificando los impactos que tienen distintas pr\u00e1cticas de manejo sobre la provisi\u00f3n de servicios ecosist\u00e9micos en sus predios.<\/p>\n<p><a href=\"https:\/\/shiny.jncc.gov.uk\/vines\/\">https:\/\/shiny.jncc.gov.uk\/vines\/<\/a><\/p>\n<p><a href=\"https:\/\/jncc.gov.uk\/our-work\/chile-viticulture-ecosystem-service-mapper\/\">https:\/\/jncc.gov.uk\/our-work\/chile-viticulture-ecosystem-service-mapper\/<\/a><\/p>\n<p>&nbsp;<\/p>\n<p>[\/et_pb_text][\/et_pb_column][\/et_pb_row][\/et_pb_section][et_pb_section fb_built=\u00bb1&#8243; _builder_version=\u00bb4.4.5&#8243;][et_pb_row column_structure=\u00bb1_3,2_3&#8243; make_equal=\u00bbon\u00bb _builder_version=\u00bb4.4.5&#8243;][et_pb_column type=\u00bb1_3&#8243; _builder_version=\u00bb4.4.5&#8243; background_color=\u00bb#4484C3&#8243; custom_padding=\u00bb20px|20px|20px|20px|true|true\u00bb custom_css_main_element=\u00bbdisplay: flex;||flex-direction: column;||justify-content: center;\u00bb][et_pb_text _builder_version=\u00bb4.4.5&#8243; header_2_text_color=\u00bb#ffffff\u00bb header_2_font_size=\u00bb32px\u00bb header_2_line_height=\u00bb1.1em\u00bb]<\/p>\n<h2>Dimensi\u00f3n Humana de la Conservaci\u00f3n Biol\u00f3gica<\/h2>\n<p>[\/et_pb_text][\/et_pb_column][et_pb_column type=\u00bb2_3&#8243; _builder_version=\u00bb4.4.5&#8243;][et_pb_text _builder_version=\u00bb4.4.5&#8243; hover_enabled=\u00bb0&#8243;]<\/p>\n<h3><a name=\"_Toc46499467\"><\/a>DESCRIPCI\u00d3N L\u00cdNEA<o:p><\/o:p><\/h3>\n<p style=\"text-align: justify;\">Esta l\u00ednea busca comprender los factores que promueven la conservaci\u00f3n privada en el sector vitivin\u00edcola y la participaci\u00f3n de las empresas en programas de sustentabilidad. Para esto investigamos las motivaciones y barreras que enfrentan los viticultores para adoptar pr\u00e1cticas de conservaci\u00f3n de la biodiversidad en sus predios, as\u00ed como la efectividad de estrategias de educaci\u00f3n para promover acciones de conservaci\u00f3n. Estas investigaciones contribuyen a informar procesos de colaboraci\u00f3n y comunicaci\u00f3n para la innovaci\u00f3n y resoluci\u00f3n de problemas en agro-ecosistemas.<\/p>\n<p>[\/et_pb_text][\/et_pb_column][\/et_pb_row][\/et_pb_section][et_pb_section fb_built=\u00bb1&#8243; _builder_version=\u00bb4.4.5&#8243;][et_pb_row column_structure=\u00bb1_3,2_3&#8243; make_equal=\u00bbon\u00bb _builder_version=\u00bb4.4.5&#8243;][et_pb_column type=\u00bb1_3&#8243; _builder_version=\u00bb4.4.5&#8243; background_color=\u00bb#68C6DD\u00bb custom_padding=\u00bb20px|20px|20px|20px|true|true\u00bb custom_css_main_element=\u00bbdisplay: flex;||flex-direction: column;||justify-content: center;\u00bb][et_pb_text _builder_version=\u00bb4.4.5&#8243; header_2_text_color=\u00bb#ffffff\u00bb header_2_font_size=\u00bb32px\u00bb header_2_line_height=\u00bb1.1em\u00bb]<\/p>\n<h2>Invasiones Biol\u00f3gicas \u2013 LIB<\/h2>\n<p>[\/et_pb_text][\/et_pb_column][et_pb_column type=\u00bb2_3&#8243; _builder_version=\u00bb4.4.5&#8243;][et_pb_text _builder_version=\u00bb4.4.5&#8243; hover_enabled=\u00bb0&#8243;]<\/p>\n<h3><a name=\"_Toc46499467\"><\/a>DESCRIPCI\u00d3N L\u00cdNEA<o:p><\/o:p><\/h3>\n<p style=\"text-align: justify;\">En esta l\u00ednea, nos hemos asociado con el Laboratorio de Invasiones Biol\u00f3gicas (LIB) con quienes buscamos aumentar el conocimiento de las invasiones biol\u00f3gicas para reducir sus impactos en la biodiversidad y en los servicios ecosist\u00e9micos, ya que son unas de las principales amenazas que se enfrentan a nivel mundial.<\/p>\n<p style=\"text-align: justify;\">El Laboratorio de Invasiones Biol\u00f3gicas (LIB), es una iniciativa conjunta de la Facultad de Ciencias Forestales de la Universidad de Concepci\u00f3n y el Instituto de Ecolog\u00eda y Biodiversidad (IEB), y tiene entre sus principales objetivos generar y desarrollar bases de datos de especies ex\u00f3ticas e invasoras en Chile, contribuir al desarrollo de herramientas y protocolos de an\u00e1lisis de riesgo de invasi\u00f3n, monitorear y modelar las invasiones biol\u00f3gicas a m\u00faltiples escalas, desde lo local hasta lo global as\u00ed como establecer colaboraci\u00f3n entre el mundo acad\u00e9mico y los organismos p\u00fablicos y privados para mejorar la prevenci\u00f3n y el control de las invasiones biol\u00f3gicas.<\/p>\n<p>[\/et_pb_text][et_pb_image src=\u00bbhttp:\/\/vccb.cl\/web-wp\/wp-content\/uploads\/2020\/08\/laboratorio-de-invasiones-biologicas-logo.png\u00bb title_text=\u00bblaboratorio de invasiones biologicas logo\u00bb _builder_version=\u00bb4.4.5&#8243;][\/et_pb_image][\/et_pb_column][\/et_pb_row][\/et_pb_section][et_pb_section fb_built=\u00bb1&#8243; _builder_version=\u00bb4.4.5&#8243;][et_pb_row column_structure=\u00bb1_3,2_3&#8243; make_equal=\u00bbon\u00bb _builder_version=\u00bb4.4.5&#8243;][et_pb_column type=\u00bb1_3&#8243; _builder_version=\u00bb4.4.5&#8243; background_color=\u00bb#88C496&#8243; custom_padding=\u00bb20px|20px|20px|20px|true|true\u00bb custom_css_main_element=\u00bbdisplay: flex;||flex-direction: column;||justify-content: center;\u00bb][et_pb_text _builder_version=\u00bb4.4.5&#8243; header_2_text_color=\u00bb#ffffff\u00bb header_2_font_size=\u00bb32px\u00bb header_2_line_height=\u00bb1.1em\u00bb]<\/p>\n<h2>Biolog\u00eda Microbiana<\/h2>\n<p>[\/et_pb_text][\/et_pb_column][et_pb_column type=\u00bb2_3&#8243; _builder_version=\u00bb4.4.5&#8243;][et_pb_text _builder_version=\u00bb4.4.5&#8243; hover_enabled=\u00bb0&#8243;]<\/p>\n<h3><a name=\"_Toc46499467\"><\/a>DESCRIPCI\u00d3N L\u00cdNEA<o:p><\/o:p><\/h3>\n<p style=\"text-align: justify;\">Los microorganismos como hongos y bacterias afectan la sanidad de las parras, su productividad y directamente las caracter\u00edsticas del vino. Su expresi\u00f3n en distintas etapas del ciclo productivo puede causar efectos significativos que impactan la calidad y productividad del sector vitivin\u00edcola.<\/p>\n<p style=\"text-align: justify;\">En VCCB, buscamos comprender la ecolog\u00eda y comportamiento de estos microorganismos en los procesos del ciclo productivo del vino, proyectando soluciones, potenciando atributos y generando estrategias de control desde su comprensi\u00f3n. Para aquello aplicamos principios te\u00f3ricos de diferentes \u00e1reas cient\u00edficas y modernas herramientas integrativas que contribuyen a generar conocimiento y realizar recomendaciones basadas en evidencia bajo el contexto local o nacional. Como VCCB buscamos el reconocimiento e incorporaci\u00f3n de la diversidad microbiana nativa en el ciclo productivo.<\/p>\n<p>[\/et_pb_text][\/et_pb_column][\/et_pb_row][\/et_pb_section][et_pb_section fb_built=\u00bb1&#8243; _builder_version=\u00bb4.4.5&#8243;][et_pb_row column_structure=\u00bb1_3,2_3&#8243; make_equal=\u00bbon\u00bb _builder_version=\u00bb4.4.5&#8243;][et_pb_column type=\u00bb1_3&#8243; _builder_version=\u00bb4.4.5&#8243; background_color=\u00bb#F0AC51&#8243; custom_padding=\u00bb20px|20px|20px|20px|true|true\u00bb custom_css_main_element=\u00bbdisplay: flex;||flex-direction: column;||justify-content: center;\u00bb][et_pb_text _builder_version=\u00bb4.4.5&#8243; header_2_text_color=\u00bb#ffffff\u00bb header_2_font_size=\u00bb32px\u00bb header_2_line_height=\u00bb1.1em\u00bb]<\/p>\n<h2>Conservaci\u00f3n Biol\u00f3gica en el Paisaje<\/h2>\n<p>[\/et_pb_text][\/et_pb_column][et_pb_column type=\u00bb2_3&#8243; _builder_version=\u00bb4.4.5&#8243;][et_pb_text _builder_version=\u00bb4.4.5&#8243; hover_enabled=\u00bb0&#8243;]<\/p>\n<h3><a name=\"_Toc46499467\"><\/a>DESCRIPCI\u00d3N L\u00cdNEA<o:p><\/o:p><\/h3>\n<p style=\"text-align: justify;\">A trav\u00e9s de un enfoque multidisciplinario, estudiamos aquellos patrones y procesos que determinan la capacidad de un territorio para conciliar conservaci\u00f3n y actividades humanas.<\/p>\n<p style=\"text-align: justify;\">Utilizamos herramientas espaciales y de modelamiento para, entre otras cosas, identificar zonas prioritarias para la conservaci\u00f3n, evaluar el impacto de pol\u00edticas p\u00fablicas en el ambiente y cuantificar las causas subyacentes de transformaci\u00f3n del paisaje. En relaci\u00f3n a esta \u00faltima, actualmente investigamos c\u00f3mo patrones de consumo, a trav\u00e9s de complejas cadenas de producci\u00f3n, promueven p\u00e9rdida de biodiversidad mediante la conversi\u00f3n del h\u00e1bitat.<\/p>\n<p style=\"text-align: justify;\">Aplicamos principios de la investigaci\u00f3n participativa con el fin de generar evidencia representativa y aplicable en el dise\u00f1o de soluciones.<\/p>\n<p>[\/et_pb_text][\/et_pb_column][\/et_pb_row][\/et_pb_section]<\/p>\n","protected":false},"excerpt":{"rendered":"<p>[et_pb_section fb_built=\u00bb1&#8243; _builder_version=\u00bb4.4.5&#8243; background_image=\u00bbhttp:\/\/vccb.cl\/web-wp\/wp-content\/uploads\/2020\/05\/Fondo01.jpg\u00bb][et_pb_row _builder_version=\u00bb4.4.5&#8243;][et_pb_column type=\u00bb4_4&#8243; _builder_version=\u00bb4.4.5&#8243;][et_pb_text _builder_version=\u00bb4.4.5&#8243; text_font=\u00bb||||||||\u00bb text_text_color=\u00bb#ffffff\u00bb text_font_size=\u00bb27px\u00bb text_line_height=\u00bb1.8em\u00bb] L\u00ednea de investigaci\u00f3n [\/et_pb_text][\/et_pb_column][\/et_pb_row][\/et_pb_section][et_pb_section fb_built=\u00bb1&#8243; _builder_version=\u00bb4.4.5&#8243;][et_pb_row column_structure=\u00bb1_3,2_3&#8243; make_equal=\u00bbon\u00bb _builder_version=\u00bb4.4.5&#8243;][et_pb_column type=\u00bb1_3&#8243; _builder_version=\u00bb4.4.5&#8243; background_color=\u00bb#51335F\u00bb custom_padding=\u00bb20px|20px|20px|20px|true|true\u00bb custom_css_main_element=\u00bbdisplay: flex;||flex-direction: column;||justify-content: center;\u00bb][et_pb_text _builder_version=\u00bb4.4.5&#8243; header_2_text_color=\u00bb#ffffff\u00bb header_2_font_size=\u00bb32px\u00bb header_2_line_height=\u00bb1.1em\u00bb] Ecolog\u00eda Ecosist\u00e9micas y Gesti\u00f3n de la Conservaci\u00f3n [\/et_pb_text][\/et_pb_column][et_pb_column type=\u00bb2_3&#8243; _builder_version=\u00bb4.4.5&#8243;][et_pb_text _builder_version=\u00bb4.4.5&#8243; hover_enabled=\u00bb0&#8243;] DESCRIPCI\u00d3N L\u00cdNEA Mediante la experimentaci\u00f3n y el estudio de campo [&hellip;]<\/p>\n","protected":false},"author":1,"featured_media":0,"parent":0,"menu_order":0,"comment_status":"closed","ping_status":"closed","template":"","meta":{"_et_pb_use_builder":"on","_et_pb_old_content":"","_et_gb_content_width":"","inline_featured_image":false,"_monsterinsights_skip_tracking":false,"_monsterinsights_sitenote_active":false,"_monsterinsights_sitenote_note":"","_monsterinsights_sitenote_category":0,"footnotes":""},"class_list":["post-680","page","type-page","status-publish","hentry"],"_links":{"self":[{"href":"https:\/\/vccb.cl\/web-wp\/wp-json\/wp\/v2\/pages\/680","targetHints":{"allow":["GET"]}}],"collection":[{"href":"https:\/\/vccb.cl\/web-wp\/wp-json\/wp\/v2\/pages"}],"about":[{"href":"https:\/\/vccb.cl\/web-wp\/wp-json\/wp\/v2\/types\/page"}],"author":[{"embeddable":true,"href":"https:\/\/vccb.cl\/web-wp\/wp-json\/wp\/v2\/users\/1"}],"replies":[{"embeddable":true,"href":"https:\/\/vccb.cl\/web-wp\/wp-json\/wp\/v2\/comments?post=680"}],"version-history":[{"count":4,"href":"https:\/\/vccb.cl\/web-wp\/wp-json\/wp\/v2\/pages\/680\/revisions"}],"predecessor-version":[{"id":836,"href":"https:\/\/vccb.cl\/web-wp\/wp-json\/wp\/v2\/pages\/680\/revisions\/836"}],"wp:attachment":[{"href":"https:\/\/vccb.cl\/web-wp\/wp-json\/wp\/v2\/media?parent=680"}],"curies":[{"name":"wp","href":"https:\/\/api.w.org\/{rel}","templated":true}]}}