{"id":663,"date":"2020-08-30T23:54:10","date_gmt":"2020-08-30T23:54:10","guid":{"rendered":"http:\/\/vccb.cl\/web-wp\/?page_id=663"},"modified":"2021-06-30T11:56:00","modified_gmt":"2021-06-30T15:56:00","slug":"videos","status":"publish","type":"page","link":"https:\/\/vccb.cl\/web-wp\/videos\/","title":{"rendered":"Videos"},"content":{"rendered":"<p>[et_pb_section fb_built=\u00bb1&#8243; _builder_version=\u00bb4.4.5&#8243; background_image=\u00bbhttp:\/\/vccb.cl\/web-wp\/wp-content\/uploads\/2020\/05\/Fondo01.jpg\u00bb][et_pb_row _builder_version=\u00bb4.4.5&#8243;][et_pb_column type=\u00bb4_4&#8243; _builder_version=\u00bb4.4.5&#8243;][et_pb_text _builder_version=\u00bb4.4.5&#8243; text_font=\u00bb||||||||\u00bb text_text_color=\u00bb#ffffff\u00bb text_font_size=\u00bb27px\u00bb text_line_height=\u00bb1.8em\u00bb]<\/p>\n<p>Videos<\/p>\n<p>[\/et_pb_text][\/et_pb_column][\/et_pb_row][\/et_pb_section][et_pb_section fb_built=\u00bb1&#8243; _builder_version=\u00bb4.4.5&#8243;][et_pb_row column_structure=\u00bb1_2,1_2&#8243; _builder_version=\u00bb4.4.5&#8243;][et_pb_column type=\u00bb1_2&#8243; _builder_version=\u00bb4.4.5&#8243;][et_pb_code _builder_version=\u00bb4.4.5&#8243; custom_padding=\u00bb||0px|||\u00bb hover_enabled=\u00bb0&#8243;]<iframe loading=\"lazy\" src=\"https:\/\/www.facebook.com\/plugins\/video.php?height=314&#038;href=https%3A%2F%2Fwww.facebook.com%2FVCCBChile%2Fvideos%2F413323122958437%2F&#038;show_text=false&#038;width=560&#038;t=0\" width=\"100%\" height=\"280\" style=\"border:none;overflow:hidden\" scrolling=\"no\" frameborder=\"0\" allowTransparency=\"true\" allowFullScreen=\"true\"><\/iframe>[\/et_pb_code][et_pb_text _builder_version=\u00bb4.4.5&#8243; custom_margin=\u00bb-2px|||||\u00bb hover_enabled=\u00bb0&#8243;]<\/p>\n<h3>\u201cVino a Conversar\u201d Sesi\u00f3n 6<\/h3>\n<p>[\/et_pb_text][\/et_pb_column][et_pb_column type=\u00bb1_2&#8243; _builder_version=\u00bb4.4.5&#8243;][et_pb_code _builder_version=\u00bb4.4.5&#8243; custom_padding=\u00bb||0px|||\u00bb hover_enabled=\u00bb0&#8243;]<iframe loading=\"lazy\" src=\"https:\/\/www.facebook.com\/plugins\/video.php?height=314&#038;href=https%3A%2F%2Fwww.facebook.com%2FVCCBChile%2Fvideos%2F797845437807138%2F&#038;show_text=false&#038;width=560&#038;t=0\" width=\"100%\" height=\"280\" style=\"border:none;overflow:hidden\" scrolling=\"no\" frameborder=\"0\" allowTransparency=\"true\" allowFullScreen=\"true\"><\/iframe>[\/et_pb_code][et_pb_text _builder_version=\u00bb4.4.5&#8243; hover_enabled=\u00bb0&#8243;]<\/p>\n<h3>\u00abVino a Conversar\u00bb Sesi\u00f3n 5<\/h3>\n<p>[\/et_pb_text][\/et_pb_column][\/et_pb_row][et_pb_row column_structure=\u00bb1_2,1_2&#8243; _builder_version=\u00bb4.4.5&#8243;][et_pb_column type=\u00bb1_2&#8243; _builder_version=\u00bb4.4.5&#8243;][et_pb_code _builder_version=\u00bb4.4.5&#8243; custom_padding=\u00bb||0px|||\u00bb hover_enabled=\u00bb0&#8243;]<iframe loading=\"lazy\" src=\"https:\/\/www.facebook.com\/plugins\/video.php?height=314&#038;href=https%3A%2F%2Fwww.facebook.com%2FVCCBChile%2Fvideos%2F2785651925030560%2F&#038;show_text=false&#038;width=560&#038;t=0\" width=\"100%\" height=\"285\" style=\"border:none;overflow:hidden\" scrolling=\"no\" frameborder=\"0\" allowTransparency=\"true\" allowFullScreen=\"true\"><\/iframe>[\/et_pb_code][et_pb_text _builder_version=\u00bb4.4.5&#8243; custom_margin=\u00bb-2px|||||\u00bb]<\/p>\n<h3>\u201cVino a Conversar\u201d Sesi\u00f3n 4<\/h3>\n<p>[\/et_pb_text][\/et_pb_column][et_pb_column type=\u00bb1_2&#8243; _builder_version=\u00bb4.4.5&#8243;][et_pb_code _builder_version=\u00bb4.4.5&#8243; custom_padding=\u00bb||0px|||\u00bb hover_enabled=\u00bb0&#8243;]<iframe loading=\"lazy\" src=\"https:\/\/www.facebook.com\/plugins\/video.php?height=314&#038;href=https%3A%2F%2Fwww.facebook.com%2FVCCBChile%2Fvideos%2F729546984303553%2F&#038;show_text=false&#038;width=560&#038;t=0\" width=\"100%\" height=\"285\" style=\"border:none;overflow:hidden\" scrolling=\"no\" frameborder=\"0\" allowTransparency=\"true\" allowFullScreen=\"true\"><\/iframe>[\/et_pb_code][et_pb_text _builder_version=\u00bb4.4.5&#8243;]<\/p>\n<h3>\u00abVino a Conversar\u00bb Sesi\u00f3n 3<\/h3>\n<p>[\/et_pb_text][\/et_pb_column][\/et_pb_row][et_pb_row column_structure=\u00bb1_2,1_2&#8243; _builder_version=\u00bb4.4.5&#8243;][et_pb_column type=\u00bb1_2&#8243; _builder_version=\u00bb4.4.5&#8243;][et_pb_code _builder_version=\u00bb4.4.5&#8243; custom_padding=\u00bb||0px|||\u00bb hover_enabled=\u00bb0&#8243;]<iframe loading=\"lazy\" src=\"https:\/\/www.facebook.com\/plugins\/video.php?height=314&#038;href=https%3A%2F%2Fwww.facebook.com%2FVCCBChile%2Fvideos%2F319146509511562%2F&#038;show_text=false&#038;width=560&#038;t=0\" width=\"100%\" height=\"285\" style=\"border:none;overflow:hidden\" scrolling=\"no\" frameborder=\"0\" allowTransparency=\"true\" allowFullScreen=\"true\"><\/iframe>[\/et_pb_code][et_pb_text _builder_version=\u00bb4.4.5&#8243; custom_margin=\u00bb-2px|||||\u00bb]<\/p>\n<h3>\u201cVino a Conversar\u201d Sesi\u00f3n 2<\/h3>\n<p>[\/et_pb_text][\/et_pb_column][et_pb_column type=\u00bb1_2&#8243; _builder_version=\u00bb4.4.5&#8243;][et_pb_code _builder_version=\u00bb4.4.5&#8243; custom_padding=\u00bb||0px|||\u00bb]<iframe loading=\"lazy\" src=\"https:\/\/www.facebook.com\/plugins\/video.php?href=https%3A%2F%2Fwww.facebook.com%2FVCCBChile%2Fvideos%2F229675521693613%2F&#038;show_text=0&#038;\" width=\"100%\" height=\"285\" style=\"border:none;overflow:hidden\" scrolling=\"no\" frameborder=\"0\" allowTransparency=\"true\" allowFullScreen=\"true\"><\/iframe>[\/et_pb_code][et_pb_text _builder_version=\u00bb4.4.5&#8243; custom_margin=\u00bb-2px|||||\u00bb]<\/p>\n<h3>Conversatorio \u201cVino a Conversar\u201d<\/h3>\n<p>Sesi\u00f3n 1: El desaf\u00edo de compatibilizar producci\u00f3n vitivin\u00edcola y conservaci\u00f3n de la biodiversidad en contexto de cambio clim\u00e1tico[\/et_pb_text][\/et_pb_column][\/et_pb_row][et_pb_row column_structure=\u00bb1_2,1_2&#8243; _builder_version=\u00bb4.4.5&#8243;][et_pb_column type=\u00bb1_2&#8243; _builder_version=\u00bb4.4.5&#8243;][et_pb_video src=\u00bbhttps:\/\/www.youtube.com\/watch?v=wKVBhbgJD2I&#038;feature=youtu.be\u00bb _builder_version=\u00bb4.4.5&#8243;][\/et_pb_video][et_pb_text _builder_version=\u00bb4.4.5&#8243;]<\/p>\n<h3>Vino y Cambio Clim\u00e1tico en Chile<\/h3>\n<p>Galardonado con el Palmares al \u201cMejor Largometraje\u201d, Oenovideo 2018, Francia<br \/>\nCap\u00edtulo de la serie Cambio Global de TVN, estrenado el a\u00f1o 2015, donde se presentan testimonios representantes de empresas del sector vitivin\u00edcola y de parte del equipo del programa VCCB, como una evidencia del trabajo por la conservaci\u00f3n de la biodiversidad en el mediterr\u00e1neo chileno.[\/et_pb_text][\/et_pb_column][et_pb_column type=\u00bb1_2&#8243; _builder_version=\u00bb4.4.5&#8243;][et_pb_video src=\u00bbhttps:\/\/www.youtube.com\/watch?v=q7gIRAtYHOM&#038;feature=youtu.be\u00bb _builder_version=\u00bb4.4.5&#8243;][\/et_pb_video][et_pb_text _builder_version=\u00bb4.4.5&#8243;]<\/p>\n<h3>VCCB team, \u00bfQu\u00e9 es lo que hacemos? \u00abSUB INGLES\u00bb<\/h3>\n<p>Conoce el trabajo que realiza parte del equipo del programa VCCB en conjunto al sector vitivin\u00edcola[\/et_pb_text][\/et_pb_column][\/et_pb_row][\/et_pb_section]<\/p>\n","protected":false},"excerpt":{"rendered":"<p>[et_pb_section fb_built=\u00bb1&#8243; _builder_version=\u00bb4.4.5&#8243; background_image=\u00bbhttp:\/\/vccb.cl\/web-wp\/wp-content\/uploads\/2020\/05\/Fondo01.jpg\u00bb][et_pb_row _builder_version=\u00bb4.4.5&#8243;][et_pb_column type=\u00bb4_4&#8243; _builder_version=\u00bb4.4.5&#8243;][et_pb_text _builder_version=\u00bb4.4.5&#8243; text_font=\u00bb||||||||\u00bb text_text_color=\u00bb#ffffff\u00bb text_font_size=\u00bb27px\u00bb text_line_height=\u00bb1.8em\u00bb] Videos [\/et_pb_text][\/et_pb_column][\/et_pb_row][\/et_pb_section][et_pb_section fb_built=\u00bb1&#8243; _builder_version=\u00bb4.4.5&#8243;][et_pb_row column_structure=\u00bb1_2,1_2&#8243; _builder_version=\u00bb4.4.5&#8243;][et_pb_column type=\u00bb1_2&#8243; _builder_version=\u00bb4.4.5&#8243;][et_pb_code _builder_version=\u00bb4.4.5&#8243; custom_padding=\u00bb||0px|||\u00bb hover_enabled=\u00bb0&#8243;][\/et_pb_code][et_pb_text _builder_version=\u00bb4.4.5&#8243; custom_margin=\u00bb-2px|||||\u00bb hover_enabled=\u00bb0&#8243;] \u201cVino a Conversar\u201d Sesi\u00f3n 6 [\/et_pb_text][\/et_pb_column][et_pb_column type=\u00bb1_2&#8243; _builder_version=\u00bb4.4.5&#8243;][et_pb_code _builder_version=\u00bb4.4.5&#8243; custom_padding=\u00bb||0px|||\u00bb hover_enabled=\u00bb0&#8243;][\/et_pb_code][et_pb_text _builder_version=\u00bb4.4.5&#8243; hover_enabled=\u00bb0&#8243;] \u00abVino a Conversar\u00bb Sesi\u00f3n 5 [\/et_pb_text][\/et_pb_column][\/et_pb_row][et_pb_row column_structure=\u00bb1_2,1_2&#8243; _builder_version=\u00bb4.4.5&#8243;][et_pb_column type=\u00bb1_2&#8243; _builder_version=\u00bb4.4.5&#8243;][et_pb_code _builder_version=\u00bb4.4.5&#8243; custom_padding=\u00bb||0px|||\u00bb hover_enabled=\u00bb0&#8243;][\/et_pb_code][et_pb_text _builder_version=\u00bb4.4.5&#8243; custom_margin=\u00bb-2px|||||\u00bb] \u201cVino [&hellip;]<\/p>\n","protected":false},"author":1,"featured_media":0,"parent":0,"menu_order":0,"comment_status":"closed","ping_status":"closed","template":"","meta":{"_et_pb_use_builder":"on","_et_pb_old_content":"","_et_gb_content_width":"","inline_featured_image":false,"_monsterinsights_skip_tracking":false,"_monsterinsights_sitenote_active":false,"_monsterinsights_sitenote_note":"","_monsterinsights_sitenote_category":0,"footnotes":""},"class_list":["post-663","page","type-page","status-publish","hentry"],"_links":{"self":[{"href":"https:\/\/vccb.cl\/web-wp\/wp-json\/wp\/v2\/pages\/663","targetHints":{"allow":["GET"]}}],"collection":[{"href":"https:\/\/vccb.cl\/web-wp\/wp-json\/wp\/v2\/pages"}],"about":[{"href":"https:\/\/vccb.cl\/web-wp\/wp-json\/wp\/v2\/types\/page"}],"author":[{"embeddable":true,"href":"https:\/\/vccb.cl\/web-wp\/wp-json\/wp\/v2\/users\/1"}],"replies":[{"embeddable":true,"href":"https:\/\/vccb.cl\/web-wp\/wp-json\/wp\/v2\/comments?post=663"}],"version-history":[{"count":9,"href":"https:\/\/vccb.cl\/web-wp\/wp-json\/wp\/v2\/pages\/663\/revisions"}],"predecessor-version":[{"id":1210,"href":"https:\/\/vccb.cl\/web-wp\/wp-json\/wp\/v2\/pages\/663\/revisions\/1210"}],"wp:attachment":[{"href":"https:\/\/vccb.cl\/web-wp\/wp-json\/wp\/v2\/media?parent=663"}],"curies":[{"name":"wp","href":"https:\/\/api.w.org\/{rel}","templated":true}]}}