{"id":227,"date":"2020-07-27T19:20:51","date_gmt":"2020-07-27T19:20:51","guid":{"rendered":"http:\/\/vccb.cl\/web-wp\/?page_id=227"},"modified":"2020-10-07T20:25:29","modified_gmt":"2020-10-07T20:25:29","slug":"mision-vision-y-valores","status":"publish","type":"page","link":"https:\/\/vccb.cl\/web-wp\/mision-vision-y-valores\/","title":{"rendered":"Misi\u00f3n, Visi\u00f3n y Valores"},"content":{"rendered":"<p>[et_pb_section fb_built=\u00bb1&#8243; _builder_version=\u00bb4.4.5&#8243; background_image=\u00bbhttp:\/\/vccb.cl\/web-wp\/wp-content\/uploads\/2020\/05\/Fondo01.jpg\u00bb][et_pb_row _builder_version=\u00bb4.4.5&#8243;][et_pb_column type=\u00bb4_4&#8243; _builder_version=\u00bb4.4.5&#8243;][et_pb_text _builder_version=\u00bb4.4.5&#8243; text_text_color=\u00bb#ffffff\u00bb text_font_size=\u00bb27px\u00bb text_line_height=\u00bb1.8em\u00bb]Misi\u00f3n, visi\u00f3n y valores[\/et_pb_text][\/et_pb_column][\/et_pb_row][\/et_pb_section][et_pb_section fb_built=\u00bb1&#8243; _builder_version=\u00bb4.4.5&#8243;][et_pb_row column_structure=\u00bb1_4,1_4,1_4,1_4&#8243; _builder_version=\u00bb4.4.5&#8243; animation_style=\u00bbfade\u00bb][et_pb_column type=\u00bb1_4&#8243; _builder_version=\u00bb4.4.5&#8243;][et_pb_image src=\u00bbhttp:\/\/vccb.cl\/web-wp\/wp-content\/uploads\/2020\/08\/mision.svg\u00bb title_text=\u00bbmision\u00bb align=\u00bbcenter\u00bb _builder_version=\u00bb4.4.5&#8243; width=\u00bb75%\u00bb module_alignment=\u00bbcenter\u00bb][\/et_pb_image][\/et_pb_column][et_pb_column type=\u00bb1_4&#8243; _builder_version=\u00bb4.4.5&#8243;][et_pb_text _builder_version=\u00bb4.4.5&#8243;]<\/p>\n<h2>Misi\u00f3n <\/h2>\n<p>Desarrollamos investigaci\u00f3n para implementar soluciones innovadoras para la gesti\u00f3n del capital natural, a trav\u00e9s de un proceso de involucramiento y colaboraci\u00f3n entre diversos actores y tomadores de decisiones.[\/et_pb_text][\/et_pb_column][et_pb_column type=\u00bb1_4&#8243; _builder_version=\u00bb4.4.5&#8243;][et_pb_image src=\u00bbhttp:\/\/vccb.cl\/web-wp\/wp-content\/uploads\/2020\/08\/vision.svg\u00bb title_text=\u00bbvision\u00bb align=\u00bbcenter\u00bb _builder_version=\u00bb4.4.5&#8243; width=\u00bb75%\u00bb][\/et_pb_image][\/et_pb_column][et_pb_column type=\u00bb1_4&#8243; _builder_version=\u00bb4.4.5&#8243;][et_pb_text _builder_version=\u00bb4.4.5&#8243;]<\/p>\n<h2>Visi\u00f3n <\/h2>\n<p>Ser una iniciativa cient\u00edfica pionera en Chile que desarrolle conservaci\u00f3n de la biodiversidad y servicios ecosist\u00e9micos en paisajes multifuncionales donde nos desarrollamos. [\/et_pb_text][\/et_pb_column][\/et_pb_row][\/et_pb_section][et_pb_section fb_built=\u00bb1&#8243; _builder_version=\u00bb4.4.5&#8243; background_enable_color=\u00bboff\u00bb background_image=\u00bbhttp:\/\/vccb.cl\/web-wp\/wp-content\/uploads\/2020\/08\/fondo-valores-scaled.jpg\u00bb parallax=\u00bbon\u00bb custom_padding=\u00bb22px||42px|||\u00bb][et_pb_row _builder_version=\u00bb4.4.5&#8243;][et_pb_column type=\u00bb4_4&#8243; _builder_version=\u00bb4.4.5&#8243;][et_pb_text _builder_version=\u00bb4.4.5&#8243; header_text_align=\u00bbcenter\u00bb header_text_color=\u00bb#ffffff\u00bb]<\/p>\n<h1 style=\"text-align: center;\">Valores<\/h1>\n<p>[\/et_pb_text][\/et_pb_column][\/et_pb_row][et_pb_row column_structure=\u00bb1_3,1_3,1_3&#8243; _builder_version=\u00bb4.4.5&#8243; custom_margin=\u00bb9px|auto||auto||\u00bb animation_style=\u00bbfade\u00bb][et_pb_column type=\u00bb1_3&#8243; _builder_version=\u00bb4.4.5&#8243;][et_pb_text _builder_version=\u00bb4.4.5&#8243; text_text_color=\u00bb#ffffff\u00bb header_4_font=\u00bb|700|||||||\u00bb header_4_text_color=\u00bb#ffffff\u00bb custom_padding=\u00bb||0px|||\u00bb]<\/p>\n<h4 style=\"text-align: center;\">Responsabilidad<\/h4>\n<p>Somos un equipo comprometido en entregar los mejores resultados y cumplir con los objetivos, en el tiempo establecido.<\/p>\n<p>[\/et_pb_text][\/et_pb_column][et_pb_column type=\u00bb1_3&#8243; _builder_version=\u00bb4.4.5&#8243;][et_pb_text _builder_version=\u00bb4.4.5&#8243; text_text_color=\u00bb#ffffff\u00bb header_4_font=\u00bb|700|||||||\u00bb header_4_text_color=\u00bb#ffffff\u00bb]<\/p>\n<h4 style=\"text-align: center;\">Innovaci\u00f3n<\/h4>\n<p>Creemos en el valor del conocimiento y la investigaci\u00f3n de vanguardia, por ello lo llevamos a la pr\u00e1ctica en cada uno de nuestros proyectos.<\/p>\n<p>[\/et_pb_text][\/et_pb_column][et_pb_column type=\u00bb1_3&#8243; _builder_version=\u00bb4.4.5&#8243;][et_pb_text _builder_version=\u00bb4.4.5&#8243; text_text_color=\u00bb#ffffff\u00bb header_4_font=\u00bb|700|||||||\u00bb header_4_text_color=\u00bb#ffffff\u00bb]<\/p>\n<h4 style=\"text-align: center;\">Compromiso<\/h4>\n<p>Entendemos el aporte de la biodiversidad en la mejora de calidad de vida y de los procesos productivos, por ello promovemos las buenas pr\u00e1cticas.<\/p>\n<p>[\/et_pb_text][\/et_pb_column][\/et_pb_row][\/et_pb_section][et_pb_section fb_built=\u00bb1&#8243; _builder_version=\u00bb4.4.5&#8243;][et_pb_row _builder_version=\u00bb4.4.5&#8243;][et_pb_column type=\u00bb4_4&#8243; _builder_version=\u00bb4.4.5&#8243;][et_pb_text _builder_version=\u00bb4.4.5&#8243; text_orientation=\u00bbcenter\u00bb]<\/p>\n<h2>Instituciones participantes, patrocinadores y fuentes de financiamiento\u00a0<\/h2>\n<p>[\/et_pb_text][\/et_pb_column][\/et_pb_row][et_pb_row column_structure=\u00bb1_3,1_3,1_3&#8243; _builder_version=\u00bb4.4.5&#8243; animation_style=\u00bbfade\u00bb][et_pb_column type=\u00bb1_3&#8243; _builder_version=\u00bb4.4.5&#8243;][et_pb_image src=\u00bbhttp:\/\/vccb.cl\/web-wp\/wp-content\/uploads\/2020\/08\/ieb-patro.svg\u00bb title_text=\u00bbieb-patro\u00bb align=\u00bbcenter\u00bb _builder_version=\u00bb4.4.5&#8243; hover_enabled=\u00bb0&#8243; box_shadow_style=\u00bbpreset3&#8243; url=\u00bbhttps:\/\/ieb-chile.cl\/\u00bb url_new_window=\u00bbon\u00bb][\/et_pb_image][\/et_pb_column][et_pb_column type=\u00bb1_3&#8243; _builder_version=\u00bb4.4.5&#8243;][et_pb_image src=\u00bbhttp:\/\/vccb.cl\/web-wp\/wp-content\/uploads\/2020\/09\/logo-ANID.png\u00bb title_text=\u00bblogo-ANID\u00bb align=\u00bbcenter\u00bb _builder_version=\u00bb4.4.5&#8243; hover_enabled=\u00bb0&#8243; box_shadow_style=\u00bbpreset3&#8243; url=\u00bbhttp:\/\/www.anid.cl\/\u00bb url_new_window=\u00bbon\u00bb][\/et_pb_image][\/et_pb_column][et_pb_column type=\u00bb1_3&#8243; _builder_version=\u00bb4.4.5&#8243;][et_pb_image src=\u00bbhttp:\/\/vccb.cl\/web-wp\/wp-content\/uploads\/2020\/08\/min-ambiente-patro.png\u00bb title_text=\u00bbmin-ambiente-patro\u00bb align=\u00bbcenter\u00bb _builder_version=\u00bb4.4.5&#8243; hover_enabled=\u00bb0&#8243; box_shadow_style=\u00bbpreset3&#8243; url=\u00bbhttps:\/\/mma.gob.cl\/\u00bb url_new_window=\u00bbon\u00bb][\/et_pb_image][\/et_pb_column][\/et_pb_row][et_pb_row column_structure=\u00bb1_3,1_3,1_3&#8243; _builder_version=\u00bb4.4.5&#8243; animation_style=\u00bbfade\u00bb][et_pb_column type=\u00bb1_3&#8243; _builder_version=\u00bb4.4.5&#8243;][et_pb_image src=\u00bbhttp:\/\/vccb.cl\/web-wp\/wp-content\/uploads\/2020\/08\/austral-patro.png\u00bb title_text=\u00bbaustral-patro\u00bb align=\u00bbcenter\u00bb _builder_version=\u00bb4.4.5&#8243; hover_enabled=\u00bb0&#8243; box_shadow_style=\u00bbpreset3&#8243; url=\u00bbhttps:\/\/www.uach.cl\/\u00bb url_new_window=\u00bbon\u00bb][\/et_pb_image][\/et_pb_column][et_pb_column type=\u00bb1_3&#8243; _builder_version=\u00bb4.4.5&#8243;][et_pb_image src=\u00bbhttp:\/\/vccb.cl\/web-wp\/wp-content\/uploads\/2020\/08\/u-conce-patro.png\u00bb title_text=\u00bbu-conce-patro\u00bb align=\u00bbcenter\u00bb _builder_version=\u00bb4.4.5&#8243; hover_enabled=\u00bb0&#8243; box_shadow_style=\u00bbpreset3&#8243; url=\u00bbhttp:\/\/www6.udec.cl\/pexterno\/\u00bb url_new_window=\u00bbon\u00bb][\/et_pb_image][\/et_pb_column][et_pb_column type=\u00bb1_3&#8243; _builder_version=\u00bb4.4.5&#8243;][et_pb_image src=\u00bbhttp:\/\/vccb.cl\/web-wp\/wp-content\/uploads\/2020\/08\/u-cato-patro.png\u00bb title_text=\u00bbu-cato-patro\u00bb align=\u00bbcenter\u00bb _builder_version=\u00bb4.4.5&#8243; hover_enabled=\u00bb0&#8243; box_shadow_style=\u00bbpreset3&#8243; url=\u00bbhttp:\/\/pucv.cl\/\u00bb url_new_window=\u00bbon\u00bb][\/et_pb_image][\/et_pb_column][\/et_pb_row][\/et_pb_section]<\/p>\n","protected":false},"excerpt":{"rendered":"<p>[et_pb_section fb_built=\u00bb1&#8243; _builder_version=\u00bb4.4.5&#8243; background_image=\u00bbhttp:\/\/vccb.cl\/web-wp\/wp-content\/uploads\/2020\/05\/Fondo01.jpg\u00bb][et_pb_row _builder_version=\u00bb4.4.5&#8243;][et_pb_column type=\u00bb4_4&#8243; _builder_version=\u00bb4.4.5&#8243;][et_pb_text _builder_version=\u00bb4.4.5&#8243; text_text_color=\u00bb#ffffff\u00bb text_font_size=\u00bb27px\u00bb text_line_height=\u00bb1.8em\u00bb]Misi\u00f3n, visi\u00f3n y valores[\/et_pb_text][\/et_pb_column][\/et_pb_row][\/et_pb_section][et_pb_section fb_built=\u00bb1&#8243; _builder_version=\u00bb4.4.5&#8243;][et_pb_row column_structure=\u00bb1_4,1_4,1_4,1_4&#8243; _builder_version=\u00bb4.4.5&#8243; animation_style=\u00bbfade\u00bb][et_pb_column type=\u00bb1_4&#8243; _builder_version=\u00bb4.4.5&#8243;][et_pb_image src=\u00bbhttp:\/\/vccb.cl\/web-wp\/wp-content\/uploads\/2020\/08\/mision.svg\u00bb title_text=\u00bbmision\u00bb align=\u00bbcenter\u00bb _builder_version=\u00bb4.4.5&#8243; width=\u00bb75%\u00bb module_alignment=\u00bbcenter\u00bb][\/et_pb_image][\/et_pb_column][et_pb_column type=\u00bb1_4&#8243; _builder_version=\u00bb4.4.5&#8243;][et_pb_text _builder_version=\u00bb4.4.5&#8243;] Misi\u00f3n Desarrollamos investigaci\u00f3n para implementar soluciones innovadoras para la gesti\u00f3n del capital natural, a trav\u00e9s de un proceso de involucramiento y colaboraci\u00f3n entre diversos actores [&hellip;]<\/p>\n","protected":false},"author":1,"featured_media":0,"parent":0,"menu_order":0,"comment_status":"closed","ping_status":"closed","template":"","meta":{"_et_pb_use_builder":"on","_et_pb_old_content":"","_et_gb_content_width":"","inline_featured_image":false,"_monsterinsights_skip_tracking":false,"_monsterinsights_sitenote_active":false,"_monsterinsights_sitenote_note":"","_monsterinsights_sitenote_category":0,"footnotes":""},"class_list":["post-227","page","type-page","status-publish","hentry"],"_links":{"self":[{"href":"https:\/\/vccb.cl\/web-wp\/wp-json\/wp\/v2\/pages\/227","targetHints":{"allow":["GET"]}}],"collection":[{"href":"https:\/\/vccb.cl\/web-wp\/wp-json\/wp\/v2\/pages"}],"about":[{"href":"https:\/\/vccb.cl\/web-wp\/wp-json\/wp\/v2\/types\/page"}],"author":[{"embeddable":true,"href":"https:\/\/vccb.cl\/web-wp\/wp-json\/wp\/v2\/users\/1"}],"replies":[{"embeddable":true,"href":"https:\/\/vccb.cl\/web-wp\/wp-json\/wp\/v2\/comments?post=227"}],"version-history":[{"count":16,"href":"https:\/\/vccb.cl\/web-wp\/wp-json\/wp\/v2\/pages\/227\/revisions"}],"predecessor-version":[{"id":847,"href":"https:\/\/vccb.cl\/web-wp\/wp-json\/wp\/v2\/pages\/227\/revisions\/847"}],"wp:attachment":[{"href":"https:\/\/vccb.cl\/web-wp\/wp-json\/wp\/v2\/media?parent=227"}],"curies":[{"name":"wp","href":"https:\/\/api.w.org\/{rel}","templated":true}]}}