{"id":18,"date":"2020-05-13T23:52:34","date_gmt":"2020-05-13T23:52:34","guid":{"rendered":"http:\/\/vccb.cl\/web-wp\/?page_id=18"},"modified":"2020-08-21T15:47:05","modified_gmt":"2020-08-21T15:47:05","slug":"ciencia","status":"publish","type":"page","link":"https:\/\/vccb.cl\/web-wp\/ciencia\/","title":{"rendered":"Ecolog\u00eda Ecosist\u00e9micas y Gesti\u00f3n de la Conservaci\u00f3n"},"content":{"rendered":"<p>[et_pb_section fb_built=\u00bb1&#8243; _builder_version=\u00bb4.4.5&#8243; background_image=\u00bbhttp:\/\/vccb.cl\/web-wp\/wp-content\/uploads\/2020\/05\/Fondo01.jpg\u00bb][et_pb_row _builder_version=\u00bb4.4.5&#8243;][et_pb_column type=\u00bb4_4&#8243; _builder_version=\u00bb4.4.5&#8243;][et_pb_text _builder_version=\u00bb4.4.5&#8243; text_font=\u00bb||||||||\u00bb text_text_color=\u00bb#ffffff\u00bb text_font_size=\u00bb27px\u00bb text_line_height=\u00bb1.8em\u00bb]<\/p>\n<p>Ecolog\u00eda Ecosist\u00e9micas y Gesti\u00f3n de la Conservaci\u00f3n\u00a0<\/p>\n<p>[\/et_pb_text][\/et_pb_column][\/et_pb_row][\/et_pb_section][et_pb_section fb_built=\u00bb1&#8243; _builder_version=\u00bb4.4.5&#8243;][et_pb_row column_structure=\u00bb1_2,1_2&#8243; _builder_version=\u00bb4.4.5&#8243;][et_pb_column type=\u00bb1_2&#8243; _builder_version=\u00bb4.4.5&#8243;][et_pb_text _builder_version=\u00bb4.4.5&#8243;]<\/p>\n<h3><a name=\"_Toc46499467\"><\/a>DESCRIPCI\u00d3N L\u00cdNEA<o:p><\/o:p><\/h3>\n<p>Mediante la experimentaci\u00f3n y el estudio de campo buscamos comprender c\u00f3mo los ecosistemas naturales contribuyen a los procesos productivos del sector vitivin\u00edcola y a las comunidades locales, para poner en valor la biodiversidad \u00fanica y end\u00e9mica de Chile.<\/p>\n<p>En esta l\u00ednea de investigaci\u00f3n se desarrollan soluciones innovadoras para la gesti\u00f3n del capital natural. Las estrategias y pr\u00e1cticas buscan que los tomadores de decisiones mejoren el uso y aprovechamiento de las contribuciones de la naturaleza, como una estrategia para conservar los recursos naturales y avanzar hacia una producci\u00f3n sustentable basada en evidencia.<\/p>\n<p>[\/et_pb_text][\/et_pb_column][et_pb_column type=\u00bb1_2&#8243; _builder_version=\u00bb4.4.5&#8243;][et_pb_text _builder_version=\u00bb4.4.5&#8243;]<\/p>\n<h3><a name=\"_Toc46499468\"><\/a>PLATAFORMA VINES<o:p><\/o:p><\/h3>\n<p>Plataforma piloto interactiva, que poner al servicio del sector productivo informaci\u00f3n derivada de im\u00e1genes de alta resoluci\u00f3n que permita analizar mapas de servicios a escala local y regional, identificando los impactos que tienen distintas pr\u00e1cticas de manejo sobre la provisi\u00f3n de servicios ecosist\u00e9micos en sus predios.<\/p>\n<p><a href=\"https:\/\/shiny.jncc.gov.uk\/vines\/\">https:\/\/shiny.jncc.gov.uk\/vines\/<\/a><\/p>\n<p><a href=\"https:\/\/jncc.gov.uk\/our-work\/chile-viticulture-ecosystem-service-mapper\/\">https:\/\/jncc.gov.uk\/our-work\/chile-viticulture-ecosystem-service-mapper\/<\/a><\/p>\n<p>&nbsp;<\/p>\n<p>[\/et_pb_text][\/et_pb_column][\/et_pb_row][\/et_pb_section][et_pb_section fb_built=\u00bb1&#8243; _builder_version=\u00bb4.4.5&#8243; background_color=\u00bb#d6d6d6&#8243;][et_pb_row _builder_version=\u00bb4.4.5&#8243; background_color=\u00bbrgba(0,0,0,0)\u00bb custom_padding=\u00bb||0px|||\u00bb][et_pb_column type=\u00bb4_4&#8243; _builder_version=\u00bb4.4.5&#8243;][et_pb_text _builder_version=\u00bb4.4.5&#8243; custom_margin=\u00bb||40px||false|false\u00bb]<\/p>\n<h3 style=\"text-align: center;\">PUBLICACIONES<\/h3>\n<p>[\/et_pb_text][\/et_pb_column][\/et_pb_row][et_pb_row column_structure=\u00bb1_3,1_3,1_3&#8243; make_equal=\u00bbon\u00bb _builder_version=\u00bb4.4.5&#8243; custom_margin=\u00bb-2px|auto||auto||\u00bb custom_padding=\u00bb1px||50px|||\u00bb hover_enabled=\u00bb0&#8243; animation_style=\u00bbfade\u00bb][et_pb_column type=\u00bb1_3&#8243; _builder_version=\u00bb4.4.5&#8243; background_color=\u00bbrgba(255,255,255,0.35)\u00bb custom_padding=\u00bb15px|15px|15px|15px|true|true\u00bb box_shadow_style=\u00bbpreset3&#8243;][et_pb_text _builder_version=\u00bb4.4.5&#8243; link_option_url=\u00bbhttps:\/\/www.cambridge.org\/core\/journals\/oryx\/article\/remnants-of-native-forests-support-carnivore-diversity-in-the-vineyard-landscapes-of-central-chile\/0CFDAC3769E3E89B7529EC8ED6E8CA80&#8243; link_option_url_new_window=\u00bbon\u00bb]<\/p>\n<p>Garc\u00eda CB, Svensson GL, Bravo C, Undurraga MI, D\u00edaz-Forestier J, Godoy K, Barbosa O, Neaman A, Abades S &amp; Celis-Diez JL (2020) Diversity and composition of carnivores in remnants of native forest in vineyard landscapes in central Chile. Oryx. DOI: 10.1017\/S0030605319000152<\/p>\n<p>[\/et_pb_text][et_pb_button button_url=\u00bbhttps:\/\/www.cambridge.org\/core\/journals\/oryx\/article\/remnants-of-native-forests-support-carnivore-diversity-in-the-vineyard-landscapes-of-central-chile\/0CFDAC3769E3E89B7529EC8ED6E8CA80&#8243; url_new_window=\u00bbon\u00bb button_text=\u00bbVer m\u00e1s\u00bb button_alignment=\u00bbcenter\u00bb _builder_version=\u00bb4.4.5&#8243;][\/et_pb_button][\/et_pb_column][et_pb_column type=\u00bb1_3&#8243; _builder_version=\u00bb4.4.5&#8243; background_color=\u00bbrgba(255,255,255,0.35)\u00bb custom_padding=\u00bb15px|15px|15px|15px|true|true\u00bb box_shadow_style=\u00bbpreset3&#8243;][et_pb_text _builder_version=\u00bb4.4.5&#8243; link_option_url=\u00bbhttps:\/\/www.cambridge.org\/core\/journals\/oryx\/article\/remnants-of-native-forests-support-carnivore-diversity-in-the-vineyard-landscapes-of-central-chile\/0CFDAC3769E3E89B7529EC8ED6E8CA80&#8243; link_option_url_new_window=\u00bbon\u00bb]Seixas CS, Anderson CB, Fennessy S, Herrera-F, Bernal, Barbosa O, Cole R, Juman R, Lopez-Hoffman L, Moraes R, M.,Overbeck G, Townsend WR and Diaz-Jose J. (2018) Chapter 2: Nature\u2019s contributions to people and quality of life. In IPBES: The IPBES regional assessment report on biodiversity and ecosystem services for the Americas. Rice J, Seixas CS, Zaccagnini ME, Bedoya-Gaitan M, and Valderrama N. (eds.). Secretariat of the Intergovernmental Science-Policy Platform on Biodiversity and Ecosystem Services, Bonn, Germany, pp. 53-169.[\/et_pb_text][\/et_pb_column][et_pb_column type=\u00bb1_3&#8243; _builder_version=\u00bb4.4.5&#8243; background_color=\u00bbrgba(255,255,255,0.35)\u00bb custom_padding=\u00bb15px|15px|15px|15px|true|true\u00bb box_shadow_style=\u00bbpreset3&#8243;][et_pb_text _builder_version=\u00bb4.4.5&#8243; link_option_url=\u00bbhttps:\/\/www.cambridge.org\/core\/journals\/oryx\/article\/remnants-of-native-forests-support-carnivore-diversity-in-the-vineyard-landscapes-of-central-chile\/0CFDAC3769E3E89B7529EC8ED6E8CA80&#8243; link_option_url_new_window=\u00bbon\u00bb]Anderson CB, Seixas CS, Barbosa O, Fennessy MS, D\u00edaz J. (2018) Determining nature\u2019s contributions to achieve the sustainable development goals. Sustainability Science, 14: 543-547. DOI: 10.1007\/s11625-018-0643-5[\/et_pb_text][et_pb_button button_url=\u00bbhttps:\/\/link.springer.com\/article\/10.1007\/s11625-018-0643-5&#8243; url_new_window=\u00bbon\u00bb button_text=\u00bbVer m\u00e1s\u00bb button_alignment=\u00bbcenter\u00bb _builder_version=\u00bb4.4.5&#8243;][\/et_pb_button][\/et_pb_column][\/et_pb_row][et_pb_row column_structure=\u00bb1_3,1_3,1_3&#8243; make_equal=\u00bbon\u00bb _builder_version=\u00bb4.4.5&#8243; custom_margin=\u00bb-2px|auto||auto||\u00bb custom_padding=\u00bb1px||50px|||\u00bb hover_enabled=\u00bb0&#8243; animation_style=\u00bbfade\u00bb][et_pb_column type=\u00bb1_3&#8243; _builder_version=\u00bb4.4.5&#8243; background_color=\u00bbrgba(255,255,255,0.35)\u00bb custom_padding=\u00bb15px|15px|15px|15px|true|true\u00bb box_shadow_style=\u00bbpreset3&#8243;][et_pb_text _builder_version=\u00bb4.4.5&#8243; link_option_url=\u00bbhttps:\/\/www.cambridge.org\/core\/journals\/oryx\/article\/remnants-of-native-forests-support-carnivore-diversity-in-the-vineyard-landscapes-of-central-chile\/0CFDAC3769E3E89B7529EC8ED6E8CA80&#8243; link_option_url_new_window=\u00bbon\u00bb]Steel ZL, Steel AE, Williams JN, Viers JH, Marquet PA, &#038; Barbosa O. (2017). Patterns of bird diversity and habitat use in mixed vineyard-matorral landscapes of Central Chile. Ecological Indicators, 73: 345\u2013357. DOI: 10.1016\/j.ecolind.2016.09.039[\/et_pb_text][et_pb_button button_url=\u00bbhttps:\/\/www.sciencedirect.com\/science\/article\/abs\/pii\/S1470160X16305702&#8243; url_new_window=\u00bbon\u00bb button_text=\u00bbVer m\u00e1s\u00bb button_alignment=\u00bbcenter\u00bb _builder_version=\u00bb4.4.5&#8243;][\/et_pb_button][\/et_pb_column][et_pb_column type=\u00bb1_3&#8243; _builder_version=\u00bb4.4.5&#8243; background_color=\u00bbrgba(255,255,255,0.35)\u00bb custom_padding=\u00bb15px|15px|15px|15px|true|true\u00bb box_shadow_style=\u00bbpreset3&#8243;][et_pb_text _builder_version=\u00bb4.4.5&#8243; link_option_url=\u00bbhttps:\/\/www.cambridge.org\/core\/journals\/oryx\/article\/remnants-of-native-forests-support-carnivore-diversity-in-the-vineyard-landscapes-of-central-chile\/0CFDAC3769E3E89B7529EC8ED6E8CA80&#8243; link_option_url_new_window=\u00bbon\u00bb]Barbosa O &#038; Villagra P. (2015) Socio-Ecological Studies in Urban and Rural Ecosystems in Chile. In: Earth Stewardship: linking ecology and ethics in theory and praxis. Rozzi R, Chapin SF, Callicott JB, Pickett STA, Power M, Armesto JJ &#038; May Jr. RH (eds). Springer Verlag, Berl\u00edn.[\/et_pb_text][\/et_pb_column][et_pb_column type=\u00bb1_3&#8243; _builder_version=\u00bb4.4.5&#8243; background_color=\u00bbrgba(255,255,255,0.35)\u00bb custom_padding=\u00bb15px|15px|15px|15px|true|true\u00bb box_shadow_style=\u00bbpreset3&#8243;][et_pb_text _builder_version=\u00bb4.4.5&#8243; link_option_url=\u00bbhttps:\/\/www.cambridge.org\/core\/journals\/oryx\/article\/remnants-of-native-forests-support-carnivore-diversity-in-the-vineyard-landscapes-of-central-chile\/0CFDAC3769E3E89B7529EC8ED6E8CA80&#8243; link_option_url_new_window=\u00bbon\u00bb]Hannah L, Roehrdanz PR, Ikegami M, Shepard AV, Shaw MR, Tabor G, Zhi L, Marquet PA, Hijmans RJ. (2013). Climate change, wine, and conservation. Proceedings of the National Academy of Sciences of the United States of America 110:6907\u20136912. DOI: 10.1073\/pnas.1210127110[\/et_pb_text][et_pb_button button_url=\u00bbhttps:\/\/www.pnas.org\/content\/110\/17\/6907&#8243; url_new_window=\u00bbon\u00bb button_text=\u00bbVer m\u00e1s\u00bb button_alignment=\u00bbcenter\u00bb _builder_version=\u00bb4.4.5&#8243;][\/et_pb_button][\/et_pb_column][\/et_pb_row][et_pb_row column_structure=\u00bb1_3,1_3,1_3&#8243; make_equal=\u00bbon\u00bb _builder_version=\u00bb4.4.5&#8243; custom_margin=\u00bb-2px|auto||auto||\u00bb custom_padding=\u00bb1px||50px|||\u00bb hover_enabled=\u00bb0&#8243; animation_style=\u00bbfade\u00bb][et_pb_column type=\u00bb1_3&#8243; _builder_version=\u00bb4.4.5&#8243; background_color=\u00bbrgba(255,255,255,0.35)\u00bb custom_padding=\u00bb15px|15px|15px|15px|true|true\u00bb box_shadow_style=\u00bbpreset3&#8243;][et_pb_text _builder_version=\u00bb4.4.5&#8243; link_option_url=\u00bbhttps:\/\/www.cambridge.org\/core\/journals\/oryx\/article\/remnants-of-native-forests-support-carnivore-diversity-in-the-vineyard-landscapes-of-central-chile\/0CFDAC3769E3E89B7529EC8ED6E8CA80&#8243; link_option_url_new_window=\u00bbon\u00bb]Viers JH, Williams JN, Nicholas KA, Barbosa O, Kotze\u00b4 I, Spence L, Webb LB, Merenlender A, &#038; Reynolds M. (2013) Vinecology: pairing wine with nature. Conservation Letters 6 (5):287-299. DOI: 10.1111\/conl.12011[\/et_pb_text][et_pb_button button_url=\u00bbhttps:\/\/conbio.onlinelibrary.wiley.com\/doi\/full\/10.1111\/conl.12011&#8243; url_new_window=\u00bbon\u00bb button_text=\u00bbVer m\u00e1s\u00bb button_alignment=\u00bbcenter\u00bb _builder_version=\u00bb4.4.5&#8243;][\/et_pb_button][\/et_pb_column][et_pb_column type=\u00bb1_3&#8243; _builder_version=\u00bb4.4.5&#8243;][\/et_pb_column][et_pb_column type=\u00bb1_3&#8243; _builder_version=\u00bb4.4.5&#8243;][\/et_pb_column][\/et_pb_row][\/et_pb_section][et_pb_section fb_built=\u00bb1&#8243; _builder_version=\u00bb4.4.5&#8243; custom_padding=\u00bb35px|||||\u00bb][et_pb_row _builder_version=\u00bb4.4.5&#8243; hover_enabled=\u00bb0&#8243; animation_style=\u00bbzoom\u00bb animation_intensity_zoom=\u00bb10%\u00bb][et_pb_column type=\u00bb4_4&#8243; _builder_version=\u00bb4.4.5&#8243;][et_pb_text _builder_version=\u00bb4.4.5&#8243; custom_margin=\u00bb||8px||false|false\u00bb]<\/p>\n<h3 style=\"text-align: center;\">FONDOS <\/h3>\n<p>[\/et_pb_text][\/et_pb_column][\/et_pb_row][et_pb_row column_structure=\u00bb2_5,3_5&#8243; make_equal=\u00bbon\u00bb _builder_version=\u00bb4.4.5&#8243; module_alignment=\u00bbcenter\u00bb][et_pb_column type=\u00bb2_5&#8243; _builder_version=\u00bb4.4.5&#8243; custom_css_main_element=\u00bbdisplay: flex;|| flex-direction: column;|| justify-content: center;\u00bb][et_pb_text _builder_version=\u00bb4.4.5&#8243; text_font=\u00bbAmaranth|700|||||||\u00bb text_text_color=\u00bbrgba(11,91,12,0.3)\u00bb text_font_size=\u00bb65px\u00bb text_orientation=\u00bbcenter\u00bb custom_css_main_element_last_edited=\u00bboff|desktop\u00bb]2019-2021[\/et_pb_text][\/et_pb_column][et_pb_column type=\u00bb3_5&#8243; _builder_version=\u00bb4.4.5&#8243;][et_pb_text _builder_version=\u00bb4.4.5&#8243;]Apoyo a centros cient\u00edficos y tecnol\u00f3gicos de excelencia con financiamiento basal 2017 &#8211; Instituto de Ecolog\u00eda y Biodiversidad. Fondo PIA de CONICYT &#8211; AFB170008. PI-L\u00ednea: Dra. Olga Barbosa.[\/et_pb_text][\/et_pb_column][\/et_pb_row][et_pb_row column_structure=\u00bb2_5,3_5&#8243; make_equal=\u00bbon\u00bb _builder_version=\u00bb4.4.5&#8243; hover_enabled=\u00bb0&#8243; animation_style=\u00bbzoom\u00bb animation_intensity_zoom=\u00bb10%\u00bb][et_pb_column type=\u00bb2_5&#8243; _builder_version=\u00bb4.4.5&#8243; custom_css_main_element=\u00bbdisplay: flex;|| flex-direction: column;|| justify-content: center;\u00bb][et_pb_text _builder_version=\u00bb4.4.5&#8243; text_font=\u00bbAmaranth|700|||||||\u00bb text_text_color=\u00bbrgba(11,91,12,0.3)\u00bb text_font_size=\u00bb65px\u00bb text_orientation=\u00bbcenter\u00bb]2018-2019[\/et_pb_text][\/et_pb_column][et_pb_column type=\u00bb3_5&#8243; _builder_version=\u00bb4.4.5&#8243;][et_pb_text _builder_version=\u00bb4.4.5&#8243;]Mapeo y cuantificaci\u00f3n de servicios ecosist\u00e9micos para una viticultura sustentable en el Valle de Colchagua, Chile. Proyecto colaborativo con Joint Nature Conservation Committee. PI: Dra. Olga Barbosa[\/et_pb_text][\/et_pb_column][\/et_pb_row][et_pb_row column_structure=\u00bb2_5,3_5&#8243; make_equal=\u00bbon\u00bb _builder_version=\u00bb4.4.5&#8243; hover_enabled=\u00bb0&#8243; animation_style=\u00bbzoom\u00bb animation_intensity_zoom=\u00bb10%\u00bb][et_pb_column type=\u00bb2_5&#8243; _builder_version=\u00bb4.4.5&#8243; custom_css_main_element=\u00bbdisplay: flex;|| flex-direction: column;|| justify-content: center;\u00bb][et_pb_text _builder_version=\u00bb4.4.5&#8243; text_font=\u00bbAmaranth|700|||||||\u00bb text_text_color=\u00bbrgba(11,91,12,0.3)\u00bb text_font_size=\u00bb65px\u00bb text_orientation=\u00bbcenter\u00bb]2013-2015[\/et_pb_text][\/et_pb_column][et_pb_column type=\u00bb3_5&#8243; _builder_version=\u00bb4.4.5&#8243;][et_pb_text _builder_version=\u00bb4.4.5&#8243;]Manejo de la Biodiversidad y Servicios Ecosist\u00e9micos para mejorar la resiliencia de la producci\u00f3n vitivin\u00edcola chilena. CORFO-Vinos de Chile. PI: Dra. Olga Barbosa.[\/et_pb_text][\/et_pb_column][\/et_pb_row][et_pb_row column_structure=\u00bb2_5,3_5&#8243; _builder_version=\u00bb4.4.5&#8243; hover_enabled=\u00bb0&#8243; custom_margin=\u00bb8px|auto||auto||\u00bb animation_style=\u00bbzoom\u00bb animation_intensity_zoom=\u00bb10%\u00bb][et_pb_column type=\u00bb2_5&#8243; _builder_version=\u00bb4.4.5&#8243;][et_pb_text _builder_version=\u00bb4.4.5&#8243; text_font=\u00bbAmaranth|700|||||||\u00bb text_text_color=\u00bbrgba(11,91,12,0.3)\u00bb text_font_size=\u00bb65px\u00bb text_orientation=\u00bbcenter\u00bb]2016[\/et_pb_text][\/et_pb_column][et_pb_column type=\u00bb3_5&#8243; _builder_version=\u00bb4.4.5&#8243;][et_pb_text _builder_version=\u00bb4.4.5&#8243;]Desarrollar y evaluar servicios ecosist\u00e9micos en base a biodiversidad funcional con cultivos de cobertura y flora auxiliar nativa en sistemas vit\u00edcolas. INNOVA Chile.[\/et_pb_text][\/et_pb_column][\/et_pb_row][et_pb_row column_structure=\u00bb2_5,3_5&#8243; make_equal=\u00bbon\u00bb _builder_version=\u00bb4.4.5&#8243; hover_enabled=\u00bb0&#8243; animation_style=\u00bbzoom\u00bb animation_intensity_zoom=\u00bb10%\u00bb][et_pb_column type=\u00bb2_5&#8243; _builder_version=\u00bb4.4.5&#8243; custom_css_main_element=\u00bbdisplay: flex;|| flex-direction: column;|| justify-content: center;\u00bb][et_pb_text _builder_version=\u00bb4.4.5&#8243; text_font=\u00bbAmaranth|700|||||||\u00bb text_text_color=\u00bbrgba(11,91,12,0.3)\u00bb text_font_size=\u00bb65px\u00bb text_orientation=\u00bbcenter\u00bb]2008-2018[\/et_pb_text][\/et_pb_column][et_pb_column type=\u00bb3_5&#8243; _builder_version=\u00bb4.4.5&#8243;][et_pb_text _builder_version=\u00bb4.4.5&#8243;]Centros cient\u00edficos y tecnol\u00f3gicos de excelencia &#8211; Instituto de Ecolog\u00eda y Biodiversidad. Fondos Basales CONICYT &#8211; PFB 23. PI-L\u00ednea: Dra. Olga Barbosa.[\/et_pb_text][\/et_pb_column][\/et_pb_row][\/et_pb_section]<\/p>\n","protected":false},"excerpt":{"rendered":"<p>[et_pb_section fb_built=\u00bb1&#8243; _builder_version=\u00bb4.4.5&#8243; background_image=\u00bbhttp:\/\/vccb.cl\/web-wp\/wp-content\/uploads\/2020\/05\/Fondo01.jpg\u00bb][et_pb_row _builder_version=\u00bb4.4.5&#8243;][et_pb_column type=\u00bb4_4&#8243; _builder_version=\u00bb4.4.5&#8243;][et_pb_text _builder_version=\u00bb4.4.5&#8243; text_font=\u00bb||||||||\u00bb text_text_color=\u00bb#ffffff\u00bb text_font_size=\u00bb27px\u00bb text_line_height=\u00bb1.8em\u00bb] Ecolog\u00eda Ecosist\u00e9micas y Gesti\u00f3n de la Conservaci\u00f3n\u00a0 [\/et_pb_text][\/et_pb_column][\/et_pb_row][\/et_pb_section][et_pb_section fb_built=\u00bb1&#8243; _builder_version=\u00bb4.4.5&#8243;][et_pb_row column_structure=\u00bb1_2,1_2&#8243; _builder_version=\u00bb4.4.5&#8243;][et_pb_column type=\u00bb1_2&#8243; _builder_version=\u00bb4.4.5&#8243;][et_pb_text _builder_version=\u00bb4.4.5&#8243;] DESCRIPCI\u00d3N L\u00cdNEA Mediante la experimentaci\u00f3n y el estudio de campo buscamos comprender c\u00f3mo los ecosistemas naturales contribuyen a los procesos productivos del sector vitivin\u00edcola y a las comunidades [&hellip;]<\/p>\n","protected":false},"author":1,"featured_media":0,"parent":0,"menu_order":0,"comment_status":"closed","ping_status":"closed","template":"","meta":{"_et_pb_use_builder":"on","_et_pb_old_content":"","_et_gb_content_width":"","inline_featured_image":false,"_monsterinsights_skip_tracking":false,"_monsterinsights_sitenote_active":false,"_monsterinsights_sitenote_note":"","_monsterinsights_sitenote_category":0,"footnotes":""},"class_list":["post-18","page","type-page","status-publish","hentry"],"_links":{"self":[{"href":"https:\/\/vccb.cl\/web-wp\/wp-json\/wp\/v2\/pages\/18","targetHints":{"allow":["GET"]}}],"collection":[{"href":"https:\/\/vccb.cl\/web-wp\/wp-json\/wp\/v2\/pages"}],"about":[{"href":"https:\/\/vccb.cl\/web-wp\/wp-json\/wp\/v2\/types\/page"}],"author":[{"embeddable":true,"href":"https:\/\/vccb.cl\/web-wp\/wp-json\/wp\/v2\/users\/1"}],"replies":[{"embeddable":true,"href":"https:\/\/vccb.cl\/web-wp\/wp-json\/wp\/v2\/comments?post=18"}],"version-history":[{"count":14,"href":"https:\/\/vccb.cl\/web-wp\/wp-json\/wp\/v2\/pages\/18\/revisions"}],"predecessor-version":[{"id":628,"href":"https:\/\/vccb.cl\/web-wp\/wp-json\/wp\/v2\/pages\/18\/revisions\/628"}],"wp:attachment":[{"href":"https:\/\/vccb.cl\/web-wp\/wp-json\/wp\/v2\/media?parent=18"}],"curies":[{"name":"wp","href":"https:\/\/api.w.org\/{rel}","templated":true}]}}