{"id":14,"date":"2020-05-13T23:52:34","date_gmt":"2020-05-13T23:52:34","guid":{"rendered":"http:\/\/vccb.cl\/web-wp\/?page_id=14"},"modified":"2020-10-13T18:18:07","modified_gmt":"2020-10-13T18:18:07","slug":"quienes-somos","status":"publish","type":"page","link":"https:\/\/vccb.cl\/web-wp\/quienes-somos\/","title":{"rendered":"Qu\u00e9 hacemos"},"content":{"rendered":"\n[et_pb_section fb_built=\u00bb1&#8243; _builder_version=\u00bb4.4.5&#8243; background_image=\u00bbhttp:\/\/vccb.cl\/web-wp\/wp-content\/uploads\/2020\/05\/Fondo01.jpg\u00bb][et_pb_row _builder_version=\u00bb4.4.5&#8243;][et_pb_column type=\u00bb4_4&#8243; _builder_version=\u00bb4.4.5&#8243;][et_pb_text _builder_version=\u00bb4.4.5&#8243; text_text_color=\u00bb#ffffff\u00bb text_font_size=\u00bb27px\u00bb text_line_height=\u00bb1.8em\u00bb]<p>Qu\u00e9 hacemos<\/p>[\/et_pb_text][\/et_pb_column][\/et_pb_row][\/et_pb_section][et_pb_section fb_built=\u00bb1&#8243; _builder_version=\u00bb4.4.5&#8243; custom_padding=\u00bb40px|||||\u00bb][et_pb_row _builder_version=\u00bb4.4.5&#8243; animation_style=\u00bbfade\u00bb][et_pb_column type=\u00bb4_4&#8243; _builder_version=\u00bb4.4.5&#8243;][et_pb_text _builder_version=\u00bb4.4.5&#8243; text_font=\u00bbAndika||||||||\u00bb text_text_color=\u00bb#006d4e\u00bb text_font_size=\u00bb18px\u00bb text_letter_spacing=\u00bb2px\u00bb text_line_height=\u00bb1.8em\u00bb]<p style=\"text-align: center;\">El Programa Vino, Cambio Clim\u00e1tico y Biodiversidad, es una iniciativa cient\u00edfica del Instituto de Ecolog\u00eda y Biodiversidad (IEB) y la Universidad Austral de Chile, cuyo objetivo es mostrar la compatibilidad entre la conservaci\u00f3n de la biodiversidad y el desarrollo del sector vitivin\u00edcola chileno.<\/p>[\/et_pb_text][\/et_pb_column][\/et_pb_row][et_pb_row _builder_version=\u00bb4.4.5&#8243; custom_margin=\u00bb60px|auto||auto||\u00bb animation_style=\u00bbfade\u00bb][et_pb_column type=\u00bb4_4&#8243; _builder_version=\u00bb4.4.5&#8243;][et_pb_text _builder_version=\u00bb4.4.5&#8243;]<h3 style=\"text-align: left;\">C\u00f3mo lo hacemos<\/h3>\n<p>Investigamos sobre la capacidad de los sistemas ecol\u00f3gicos para proveer servicios ecosist\u00e9micos al sector vitivin\u00edcola, considerando su vulnerabilidad ante los actuales escenarios de cambio clim\u00e1tico e impacto antr\u00f3pico para las pr\u00f3ximas d\u00e9cadas.<\/p>[\/et_pb_text][\/et_pb_column][\/et_pb_row][et_pb_row column_structure=\u00bb1_3,1_3,1_3&#8243; _builder_version=\u00bb4.4.5&#8243; custom_margin=\u00bb||40px||false|false\u00bb animation_style=\u00bbfade\u00bb][et_pb_column type=\u00bb1_3&#8243; _builder_version=\u00bb4.4.5&#8243;][et_pb_image src=\u00bbhttp:\/\/vccb.cl\/web-wp\/wp-content\/uploads\/2020\/09\/campo.svg\u00bb title_text=\u00bbcampo\u00bb align=\u00bbcenter\u00bb _builder_version=\u00bb4.4.5&#8243; width=\u00bb50%\u00bb custom_margin=\u00bb||0px||false|false\u00bb][\/et_pb_image][et_pb_text _builder_version=\u00bb4.4.5&#8243; text_orientation=\u00bbcenter\u00bb]Proponemos mejoras al dise\u00f1o de los vi\u00f1edos y pr\u00e1cticas de manejo para minimizar el impacto agr\u00edcola sobre la biodiversidad.[\/et_pb_text][\/et_pb_column][et_pb_column type=\u00bb1_3&#8243; _builder_version=\u00bb4.4.5&#8243;][et_pb_image src=\u00bbhttp:\/\/vccb.cl\/web-wp\/wp-content\/uploads\/2020\/09\/conversacion.svg\u00bb title_text=\u00bbconversacion\u00bb align=\u00bbcenter\u00bb _builder_version=\u00bb4.4.5&#8243; width=\u00bb50%\u00bb custom_margin=\u00bb||0px||false|false\u00bb][\/et_pb_image][et_pb_text _builder_version=\u00bb4.4.5&#8243; text_orientation=\u00bbcenter\u00bb]Implementamos actividades educativas que promueven las ciencias ecol\u00f3gicas y el valor de la biodiversidad.[\/et_pb_text][\/et_pb_column][et_pb_column type=\u00bb1_3&#8243; _builder_version=\u00bb4.4.5&#8243;][et_pb_image src=\u00bbhttp:\/\/vccb.cl\/web-wp\/wp-content\/uploads\/2020\/09\/pajaro.svg\u00bb title_text=\u00bbpajaro\u00bb align=\u00bbcenter\u00bb _builder_version=\u00bb4.4.5&#8243; width=\u00bb50%\u00bb custom_margin=\u00bb||0px||false|false\u00bb][\/et_pb_image][et_pb_text _builder_version=\u00bb4.4.5&#8243; text_orientation=\u00bbcenter\u00bb]Asesoramos al sector vitivin\u00edcola en la creaci\u00f3n de \u00e1reas de protecci\u00f3n de la biodiversidad y la provisi\u00f3n de servicios ecosist\u00e9micos.[\/et_pb_text][\/et_pb_column][\/et_pb_row][et_pb_row _builder_version=\u00bb4.4.5&#8243; animation_style=\u00bbfade\u00bb][et_pb_column type=\u00bb4_4&#8243; _builder_version=\u00bb4.4.5&#8243;][et_pb_text _builder_version=\u00bb4.4.5&#8243;]<h3>Historia<\/h3>\nEsta iniciativa nace a partir del inter\u00e9s de un grupo de cient\u00edficas y cient\u00edficos por los cambios a nivel planetario, en espec\u00edfico cambios en el clima, que se manifiestan en la contribuci\u00f3n de la tierra y oc\u00e9anos, recursos h\u00eddricos, qu\u00edmica atmosf\u00e9rica y sistemas socio ecol\u00f3gicos, todos los cuales tienen un directo impacto en el bienestar humano.\n\nInteresados por estos cambios globales, en 2008, se cre\u00f3 el Programa Vino, Cambio Clim\u00e1tico y Biodiversidad con el objetivo de trabajar por la conservaci\u00f3n de la biodiversidad, por medio del estudio y valoraci\u00f3n de los ecosistemas naturales y los beneficios que estos proveen. Este Programa fue creado por el Instituto de Ecolog\u00eda y Biodiversidad, financiado por los Fondos Basales de CONICYT y fue liderado por los ec\u00f3logos Dra. Olga Barbosa y Dr. Pablo Marquet.[\/et_pb_text][\/et_pb_column][\/et_pb_row][\/et_pb_section][et_pb_section fb_built=\u00bb1&#8243; _builder_version=\u00bb4.4.5&#8243; background_enable_color=\u00bboff\u00bb background_image=\u00bbhttp:\/\/vccb.cl\/web-wp\/wp-content\/uploads\/2020\/08\/por-que-vino-fondo2-scaled.jpg\u00bb parallax=\u00bbon\u00bb][et_pb_row _builder_version=\u00bb4.4.5&#8243; custom_padding=\u00bb0px||0px||false|false\u00bb][et_pb_column type=\u00bb4_4&#8243; _builder_version=\u00bb4.4.5&#8243;][et_pb_text _builder_version=\u00bb4.4.5&#8243; header_font=\u00bb||||on||||\u00bb header_2_font=\u00bb|700|||||||\u00bb header_2_text_align=\u00bbcenter\u00bb header_2_text_color=\u00bb#ffffff\u00bb header_2_font_size=\u00bb30px\u00bb custom_padding=\u00bb||5px|||\u00bb border_color_bottom=\u00bb#ffffff\u00bb]<h2>\u00bfPor qu\u00e9 elegir el vino?<\/h2>[\/et_pb_text][\/et_pb_column][\/et_pb_row][et_pb_row _builder_version=\u00bb4.4.5&#8243; animation_style=\u00bbfade\u00bb][et_pb_column type=\u00bb4_4&#8243; _builder_version=\u00bb4.4.5&#8243;][et_pb_text _builder_version=\u00bb4.4.5&#8243; text_text_color=\u00bb#ffffff\u00bb text_font_size=\u00bb18px\u00bb header_text_color=\u00bb#ffffff\u00bb header_2_text_color=\u00bb#ffffff\u00bb header_3_text_color=\u00bb#ffffff\u00bb]El ecosistema mediterr\u00e1neo, cuna de la producci\u00f3n vitivin\u00edcola mundial, abarca el 5% de la superficie del planeta y est\u00e1 presente solo en 5 regiones en el mundo: la Cuenta Mediterr\u00e1nea, California y Baja California (Las Californias), Australia, el sur del Cabo Africano y Chile Central. La zona mediterr\u00e1nea en Chile se ubica entre el sur del Rio Choapa y el norte del rio Biob\u00edo, con una marcada estacionalidad de inviernos fr\u00edos y lluviosos y veranos c\u00e1lidos y secos, han generado las condiciones ideales para la existencia de una gran diversidad de especies de fauna y flora, de las cuales el 23% de la flora vascular es end\u00e9mica, siendo estas especies \u00fanicas y distintivas del bosque y matorral escler\u00f3filo chileno&#8230;[\/et_pb_text][et_pb_button button_url=\u00bb@ET-DC@eyJkeW5hbWljIjp0cnVlLCJjb250ZW50IjoicG9zdF9saW5rX3VybF9wYWdlIiwic2V0dGluZ3MiOnsicG9zdF9pZCI6Ijc3NiJ9fQ==@\u00bb button_text=\u00bbLeer m\u00e1s\u00bb button_alignment=\u00bbcenter\u00bb _builder_version=\u00bb4.4.5&#8243; _dynamic_attributes=\u00bbbutton_url\u00bb background_layout=\u00bbdark\u00bb][\/et_pb_button][\/et_pb_column][\/et_pb_row][\/et_pb_section]\n","protected":false},"excerpt":{"rendered":"","protected":false},"author":1,"featured_media":0,"parent":0,"menu_order":0,"comment_status":"closed","ping_status":"closed","template":"","meta":{"_et_pb_use_builder":"on","_et_pb_old_content":"","_et_gb_content_width":"","inline_featured_image":false,"_monsterinsights_skip_tracking":false,"_monsterinsights_sitenote_active":false,"_monsterinsights_sitenote_note":"","_monsterinsights_sitenote_category":0,"footnotes":""},"class_list":["post-14","page","type-page","status-publish","hentry"],"_links":{"self":[{"href":"https:\/\/vccb.cl\/web-wp\/wp-json\/wp\/v2\/pages\/14","targetHints":{"allow":["GET"]}}],"collection":[{"href":"https:\/\/vccb.cl\/web-wp\/wp-json\/wp\/v2\/pages"}],"about":[{"href":"https:\/\/vccb.cl\/web-wp\/wp-json\/wp\/v2\/types\/page"}],"author":[{"embeddable":true,"href":"https:\/\/vccb.cl\/web-wp\/wp-json\/wp\/v2\/users\/1"}],"replies":[{"embeddable":true,"href":"https:\/\/vccb.cl\/web-wp\/wp-json\/wp\/v2\/comments?post=14"}],"version-history":[{"count":25,"href":"https:\/\/vccb.cl\/web-wp\/wp-json\/wp\/v2\/pages\/14\/revisions"}],"predecessor-version":[{"id":857,"href":"https:\/\/vccb.cl\/web-wp\/wp-json\/wp\/v2\/pages\/14\/revisions\/857"}],"wp:attachment":[{"href":"https:\/\/vccb.cl\/web-wp\/wp-json\/wp\/v2\/media?parent=14"}],"curies":[{"name":"wp","href":"https:\/\/api.w.org\/{rel}","templated":true}]}}