{"id":13,"date":"2020-05-13T23:52:34","date_gmt":"2020-05-13T23:52:34","guid":{"rendered":"http:\/\/vccb.cl\/web-wp\/?page_id=13"},"modified":"2021-05-10T16:20:33","modified_gmt":"2021-05-10T16:20:33","slug":"inicio","status":"publish","type":"page","link":"https:\/\/vccb.cl\/web-wp\/","title":{"rendered":"Inicio"},"content":{"rendered":"<p>[et_pb_section fb_built=\u00bb1&#8243; fullwidth=\u00bbon\u00bb _builder_version=\u00bb4.4.5&#8243; animation_style=\u00bbfade\u00bb][et_pb_fullwidth_slider _builder_version=\u00bb4.4.5&#8243; hover_enabled=\u00bb0&#8243;][et_pb_slide heading=\u00bb12 a\u00f1os con el sector Vitivin\u00edcola\u00bb button_text=\u00bbM\u00e1s Informaci\u00f3n\u00bb button_link=\u00bb@ET-DC@eyJkeW5hbWljIjp0cnVlLCJjb250ZW50IjoicG9zdF9saW5rX3VybF9wYWdlIiwic2V0dGluZ3MiOnsicG9zdF9pZCI6IjE0In19@\u00bb _builder_version=\u00bb4.4.5&#8243; _dynamic_attributes=\u00bbbutton_link\u00bb background_enable_color=\u00bboff\u00bb background_image=\u00bbhttp:\/\/vccb.cl\/web-wp\/wp-content\/uploads\/2020\/05\/Fondo04.jpg\u00bb background_enable_image=\u00bbon\u00bb hover_enabled=\u00bb0&#8243;][\/et_pb_slide][et_pb_slide heading=\u00bb31.571 hect\u00e1reas protegidas\u00bb button_text=\u00bbM\u00e1s Informaci\u00f3n\u00bb button_link=\u00bb@ET-DC@eyJkeW5hbWljIjp0cnVlLCJjb250ZW50IjoicG9zdF9saW5rX3VybF9wYWdlIiwic2V0dGluZ3MiOnsicG9zdF9pZCI6IjE4In19@\u00bb _builder_version=\u00bb4.4.5&#8243; _dynamic_attributes=\u00bbbutton_link\u00bb background_enable_color=\u00bboff\u00bb background_image=\u00bbhttp:\/\/vccb.cl\/web-wp\/wp-content\/uploads\/2020\/05\/Fondo03.jpg\u00bb background_enable_image=\u00bbon\u00bb hover_enabled=\u00bb0&#8243;]<\/p>\n<h3>en Predios Vitivin\u00edcolas<\/h3>\n<p>[\/et_pb_slide][et_pb_slide heading=\u00bb2,5 hect\u00e1reas de vegetaci\u00f3n nativa \u00bb button_text=\u00bbM\u00e1s Informaci\u00f3n\u00bb button_link=\u00bb@ET-DC@eyJkeW5hbWljIjp0cnVlLCJjb250ZW50IjoicG9zdF9saW5rX3VybF9wYWdlIiwic2V0dGluZ3MiOnsicG9zdF9pZCI6IjE2In19@\u00bb _builder_version=\u00bb4.4.5&#8243; _dynamic_attributes=\u00bbbutton_link\u00bb background_enable_color=\u00bboff\u00bb background_image=\u00bbhttp:\/\/vccb.cl\/web-wp\/wp-content\/uploads\/2020\/05\/Fondo01.jpg\u00bb background_enable_image=\u00bbon\u00bb hover_enabled=\u00bb0&#8243;]<\/p>\n<h3>por cada hect\u00e1rea plantada de vid<\/h3>\n<p>[\/et_pb_slide][et_pb_slide heading=\u00bb2.900 personas capacitadas\u00bb button_text=\u00bbM\u00e1s informaci\u00f3n\u00bb button_link=\u00bb@ET-DC@eyJkeW5hbWljIjp0cnVlLCJjb250ZW50IjoicG9zdF9saW5rX3VybF9wYWdlIiwic2V0dGluZ3MiOnsicG9zdF9pZCI6IjY4MCJ9fQ==@\u00bb use_bg_overlay=\u00bbon\u00bb bg_overlay_color=\u00bbrgba(0,0,0,0.34)\u00bb _builder_version=\u00bb4.4.5&#8243; _dynamic_attributes=\u00bbbutton_link\u00bb background_enable_color=\u00bboff\u00bb background_image=\u00bbhttp:\/\/vccb.cl\/web-wp\/wp-content\/uploads\/2020\/10\/foto-para-banner-personas.jpg\u00bb background_enable_image=\u00bbon\u00bb]<\/p>\n<h3>en protecci\u00f3n de la biodiversidad, servicios ecosist\u00e9micos y pr\u00e1cticas para su protecci\u00f3n<\/h3>\n<p>[\/et_pb_slide][\/et_pb_fullwidth_slider][\/et_pb_section][et_pb_section fb_built=\u00bb1&#8243; _builder_version=\u00bb4.4.5&#8243; custom_padding=\u00bb30px||34px|||\u00bb][et_pb_row make_equal=\u00bbon\u00bb _builder_version=\u00bb4.4.5&#8243; custom_margin=\u00bb16px|auto||auto||\u00bb custom_padding=\u00bb15px|||||\u00bb][et_pb_column type=\u00bb4_4&#8243; _builder_version=\u00bb4.4.5&#8243;][et_pb_text _builder_version=\u00bb4.4.5&#8243; text_font=\u00bbAndika||||||||\u00bb text_text_color=\u00bb#005640&#8243; text_font_size=\u00bb23px\u00bb text_letter_spacing=\u00bb1px\u00bb text_line_height=\u00bb1.2em\u00bb]<\/p>\n<p style=\"text-align: center;\">El Programa Vino, Cambio Clim\u00e1tico y Biodiversidad, es una iniciativa cient\u00edfica del Instituto de Ecolog\u00eda y Biodiversidad (IEB) y la Universidad Austral de Chile, cuyo objetivo es mostrar la compatibilidad entre la conservaci\u00f3n de la biodiversidad y el desarrollo del sector vitivin\u00edcola chileno<\/p>\n<p>[\/et_pb_text][\/et_pb_column][\/et_pb_row][\/et_pb_section][et_pb_section fb_built=\u00bb1&#8243; _builder_version=\u00bb4.4.5&#8243;][et_pb_row make_equal=\u00bbon\u00bb _builder_version=\u00bb4.4.5&#8243;][et_pb_column type=\u00bb4_4&#8243; _builder_version=\u00bb4.4.5&#8243;][et_pb_text _builder_version=\u00bb4.4.5&#8243; header_2_text_align=\u00bbcenter\u00bb]<\/p>\n<h2>Noticias<\/h2>\n<p>[\/et_pb_text][et_pb_blog fullwidth=\u00bboff\u00bb posts_number=\u00bb3&#8243; include_categories=\u00bb10&#8243; show_author=\u00bboff\u00bb show_date=\u00bboff\u00bb show_categories=\u00bboff\u00bb show_excerpt=\u00bboff\u00bb show_pagination=\u00bboff\u00bb _builder_version=\u00bb4.4.5&#8243; header_line_height=\u00bb1.2em\u00bb][\/et_pb_blog][\/et_pb_column][\/et_pb_row][\/et_pb_section][et_pb_section fb_built=\u00bb1&#8243; _builder_version=\u00bb4.4.5&#8243; background_image=\u00bbhttp:\/\/vccb.cl\/web-wp\/wp-content\/uploads\/2020\/09\/fondo-manual2.jpg\u00bb parallax=\u00bbon\u00bb][et_pb_row make_equal=\u00bbon\u00bb _builder_version=\u00bb4.4.5&#8243;][et_pb_column type=\u00bb4_4&#8243; _builder_version=\u00bb4.4.5&#8243;][et_pb_text _builder_version=\u00bb4.4.5&#8243; text_font_size=\u00bb33px\u00bb text_orientation=\u00bbcenter\u00bb background_layout=\u00bbdark\u00bb text_text_shadow_style=\u00bbpreset3&#8243; text_text_shadow_color=\u00bb#000000&#8243;]Manual[\/et_pb_text][et_pb_text _builder_version=\u00bb4.4.5&#8243; header_2_font=\u00bbAmaranth|800||on|||||\u00bb header_2_text_align=\u00bbcenter\u00bb header_2_text_color=\u00bb#ffffff\u00bb header_2_font_size=\u00bb32px\u00bb header_2_text_shadow_style=\u00bbpreset3&#8243; header_2_text_shadow_color=\u00bb#000000&#8243;]<\/p>\n<h2>Conservaci\u00f3n biol\u00f3gica en vi\u00f1edos:<br \/>\nconceptos claves y actividades pr\u00e1cticas.<\/h2>\n<p>[\/et_pb_text][et_pb_text _builder_version=\u00bb4.4.5&#8243; text_font_size=\u00bb22px\u00bb text_orientation=\u00bbcenter\u00bb background_layout=\u00bbdark\u00bb min_height=\u00bb0px\u00bb custom_margin=\u00bb0px||||false|false\u00bb text_text_shadow_style=\u00bbpreset3&#8243; text_text_shadow_color=\u00bb#000000&#8243;]Olga Barbosa y Karina Godoy[\/et_pb_text][et_pb_button button_url=\u00bbhttps:\/\/drive.google.com\/file\/d\/0B3nAP5lpA1zrWnhEZ0s4Um9MWkE\/view\u00bb url_new_window=\u00bbon\u00bb button_text=\u00bbDescargar\u00bb button_alignment=\u00bbcenter\u00bb _builder_version=\u00bb4.4.5&#8243; background_layout=\u00bbdark\u00bb][\/et_pb_button][\/et_pb_column][\/et_pb_row][\/et_pb_section][et_pb_section fb_built=\u00bb1&#8243; _builder_version=\u00bb4.4.5&#8243; background_enable_color=\u00bboff\u00bb custom_margin=\u00bb50px||50px||true|false\u00bb custom_padding=\u00bb50px||50px||true|false\u00bb][et_pb_row column_structure=\u00bb3_5,2_5&#8243; make_equal=\u00bbon\u00bb _builder_version=\u00bb4.4.5&#8243; custom_margin=\u00bb0px||0px||false|false\u00bb custom_padding=\u00bb0px||0px||false|false\u00bb animation_style=\u00bbzoom\u00bb animation_intensity_zoom=\u00bb10%\u00bb][et_pb_column type=\u00bb3_5&#8243; _builder_version=\u00bb4.4.5&#8243;][et_pb_image src=\u00bbhttp:\/\/vccb.cl\/web-wp\/wp-content\/uploads\/2020\/08\/terreno-microbiologia-1.jpg\u00bb title_text=\u00bbterreno-microbiologia-(1)\u00bb align=\u00bbcenter\u00bb _builder_version=\u00bb4.4.5&#8243;][\/et_pb_image][\/et_pb_column][et_pb_column type=\u00bb2_5&#8243; _builder_version=\u00bb4.4.5&#8243; background_enable_color=\u00bboff\u00bb custom_padding=\u00bb30px||50px||false|false\u00bb][et_pb_text _builder_version=\u00bb4.4.5&#8243; text_text_color=\u00bb#ffffff\u00bb text_font_size=\u00bb21px\u00bb text_line_height=\u00bb1.9em\u00bb header_font=\u00bb|700|||||||\u00bb min_height=\u00bb38px\u00bb custom_margin=\u00bb30px||||false|false\u00bb]<\/p>\n<h1 style=\"text-align: left;\">Construyamos alianzas<\/h1>\n<p>[\/et_pb_text][et_pb_text _builder_version=\u00bb4.4.5&#8243; text_font_size=\u00bb18px\u00bb text_line_height=\u00bb1.3em\u00bb custom_margin=\u00bb-28px|||||\u00bb custom_padding=\u00bb2px|||||\u00bb]<\/p>\n<p style=\"text-align: left;\">Desde el VCCB queremos que nos cuentes de tus proyectos y evaluemos hacerlos en conjunto.<\/p>\n<p>[\/et_pb_text][et_pb_button button_url=\u00bb@ET-DC@eyJkeW5hbWljIjp0cnVlLCJjb250ZW50IjoicG9zdF9saW5rX3VybF9wYWdlIiwic2V0dGluZ3MiOnsicG9zdF9pZCI6IjE5In19@\u00bb button_text=\u00bbEscr\u00edbenos\u00bb button_alignment=\u00bbleft\u00bb _builder_version=\u00bb4.4.5&#8243; _dynamic_attributes=\u00bbbutton_url\u00bb custom_button=\u00bbon\u00bb button_use_icon=\u00bboff\u00bb animation_style=\u00bbzoom\u00bb animation_intensity_zoom=\u00bb10%\u00bb][\/et_pb_button][\/et_pb_column][\/et_pb_row][\/et_pb_section]<\/p>\n","protected":false},"excerpt":{"rendered":"<p>[et_pb_section fb_built=\u00bb1&#8243; fullwidth=\u00bbon\u00bb _builder_version=\u00bb4.4.5&#8243; animation_style=\u00bbfade\u00bb][et_pb_fullwidth_slider _builder_version=\u00bb4.4.5&#8243; hover_enabled=\u00bb0&#8243;][et_pb_slide heading=\u00bb12 a\u00f1os con el sector Vitivin\u00edcola\u00bb button_text=\u00bbM\u00e1s Informaci\u00f3n\u00bb button_link=\u00bb@ET-DC@eyJkeW5hbWljIjp0cnVlLCJjb250ZW50IjoicG9zdF9saW5rX3VybF9wYWdlIiwic2V0dGluZ3MiOnsicG9zdF9pZCI6IjE0In19@\u00bb _builder_version=\u00bb4.4.5&#8243; _dynamic_attributes=\u00bbbutton_link\u00bb background_enable_color=\u00bboff\u00bb background_image=\u00bbhttp:\/\/vccb.cl\/web-wp\/wp-content\/uploads\/2020\/05\/Fondo04.jpg\u00bb background_enable_image=\u00bbon\u00bb hover_enabled=\u00bb0&#8243;][\/et_pb_slide][et_pb_slide heading=\u00bb31.571 hect\u00e1reas protegidas\u00bb button_text=\u00bbM\u00e1s Informaci\u00f3n\u00bb button_link=\u00bb@ET-DC@eyJkeW5hbWljIjp0cnVlLCJjb250ZW50IjoicG9zdF9saW5rX3VybF9wYWdlIiwic2V0dGluZ3MiOnsicG9zdF9pZCI6IjE4In19@\u00bb _builder_version=\u00bb4.4.5&#8243; _dynamic_attributes=\u00bbbutton_link\u00bb background_enable_color=\u00bboff\u00bb background_image=\u00bbhttp:\/\/vccb.cl\/web-wp\/wp-content\/uploads\/2020\/05\/Fondo03.jpg\u00bb background_enable_image=\u00bbon\u00bb hover_enabled=\u00bb0&#8243;] en Predios Vitivin\u00edcolas [\/et_pb_slide][et_pb_slide heading=\u00bb2,5 hect\u00e1reas de vegetaci\u00f3n nativa \u00bb button_text=\u00bbM\u00e1s Informaci\u00f3n\u00bb button_link=\u00bb@ET-DC@eyJkeW5hbWljIjp0cnVlLCJjb250ZW50IjoicG9zdF9saW5rX3VybF9wYWdlIiwic2V0dGluZ3MiOnsicG9zdF9pZCI6IjE2In19@\u00bb _builder_version=\u00bb4.4.5&#8243; _dynamic_attributes=\u00bbbutton_link\u00bb background_enable_color=\u00bboff\u00bb background_image=\u00bbhttp:\/\/vccb.cl\/web-wp\/wp-content\/uploads\/2020\/05\/Fondo01.jpg\u00bb background_enable_image=\u00bbon\u00bb hover_enabled=\u00bb0&#8243;] por cada [&hellip;]<\/p>\n","protected":false},"author":1,"featured_media":0,"parent":0,"menu_order":0,"comment_status":"closed","ping_status":"closed","template":"","meta":{"_et_pb_use_builder":"on","_et_pb_old_content":"","_et_gb_content_width":"","inline_featured_image":false,"_monsterinsights_skip_tracking":false,"_monsterinsights_sitenote_active":false,"_monsterinsights_sitenote_note":"","_monsterinsights_sitenote_category":0,"footnotes":""},"class_list":["post-13","page","type-page","status-publish","hentry"],"_links":{"self":[{"href":"https:\/\/vccb.cl\/web-wp\/wp-json\/wp\/v2\/pages\/13","targetHints":{"allow":["GET"]}}],"collection":[{"href":"https:\/\/vccb.cl\/web-wp\/wp-json\/wp\/v2\/pages"}],"about":[{"href":"https:\/\/vccb.cl\/web-wp\/wp-json\/wp\/v2\/types\/page"}],"author":[{"embeddable":true,"href":"https:\/\/vccb.cl\/web-wp\/wp-json\/wp\/v2\/users\/1"}],"replies":[{"embeddable":true,"href":"https:\/\/vccb.cl\/web-wp\/wp-json\/wp\/v2\/comments?post=13"}],"version-history":[{"count":36,"href":"https:\/\/vccb.cl\/web-wp\/wp-json\/wp\/v2\/pages\/13\/revisions"}],"predecessor-version":[{"id":944,"href":"https:\/\/vccb.cl\/web-wp\/wp-json\/wp\/v2\/pages\/13\/revisions\/944"}],"wp:attachment":[{"href":"https:\/\/vccb.cl\/web-wp\/wp-json\/wp\/v2\/media?parent=13"}],"curies":[{"name":"wp","href":"https:\/\/api.w.org\/{rel}","templated":true}]}}