{"id":125,"date":"2020-05-14T02:57:24","date_gmt":"2020-05-14T02:57:24","guid":{"rendered":"http:\/\/vccb.cl\/web-wp\/?page_id=125"},"modified":"2020-10-07T19:38:15","modified_gmt":"2020-10-07T19:38:15","slug":"team-historico","status":"publish","type":"page","link":"https:\/\/vccb.cl\/web-wp\/team-historico\/","title":{"rendered":"Team Hist\u00f3rico"},"content":{"rendered":"<p>[et_pb_section fb_built=\u00bb1&#8243; _builder_version=\u00bb4.4.5&#8243; background_image=\u00bbhttp:\/\/vccb.cl\/web-wp\/wp-content\/uploads\/2020\/05\/Fondo01.jpg\u00bb][et_pb_row _builder_version=\u00bb4.4.5&#8243;][et_pb_column type=\u00bb4_4&#8243; _builder_version=\u00bb4.4.5&#8243;][et_pb_text _builder_version=\u00bb4.4.5&#8243; text_font_size=\u00bb27px\u00bb text_line_height=\u00bb1.8em\u00bb]<\/p>\n<p><span color=\"#ffffff\" style=\"color: #ffffff;\">Team Hist\u00f3rico del Programa VCCB<\/span><\/p>\n<p>[\/et_pb_text][\/et_pb_column][\/et_pb_row][\/et_pb_section][et_pb_section fb_built=\u00bb1&#8243; _builder_version=\u00bb4.4.5&#8243;][et_pb_row column_structure=\u00bb1_3,2_3&#8243; _builder_version=\u00bb4.4.5&#8243;][et_pb_column type=\u00bb1_3&#8243; _builder_version=\u00bb4.4.5&#8243;][et_pb_image src=\u00bbhttp:\/\/vccb.cl\/web-wp\/wp-content\/uploads\/2020\/05\/Carmen-Etcheverry.jpg\u00bb title_text=\u00bbCarmen Etcheverry\u00bb align=\u00bbcenter\u00bb _builder_version=\u00bb4.4.5&#8243; height=\u00bb250px\u00bb][\/et_pb_image][et_pb_button button_url=\u00bbmailto:carmen.etcheverry1@gmail.com\u00bb url_new_window=\u00bbon\u00bb button_text=\u00bbEnviar Mail\u00bb button_alignment=\u00bbcenter\u00bb _builder_version=\u00bb4.4.5&#8243; custom_button=\u00bbon\u00bb button_text_color=\u00bb#006633&#8243;][\/et_pb_button][\/et_pb_column][et_pb_column type=\u00bb2_3&#8243; _builder_version=\u00bb4.4.5&#8243;][et_pb_text _builder_version=\u00bb4.4.5&#8243;]<\/p>\n<p><strong>Carmen<\/strong> <strong>Etcheverry<\/strong><\/p>\n<p>Ingeniera agr\u00f3noma y en\u00f3loga, Instituto Polit\u00e9cnico Nacional de Toulouse, Francia<\/p>\n<p>Domaine ETXE, Francia<\/p>\n<p>Despu\u00e9s de una especializaci\u00f3n en agroecolog\u00eda, complet\u00e9 mi formaci\u00f3n universitaria con temas de concertaci\u00f3n y di\u00e1logo entre actores.\u00a0Mis misiones profesionales en una ONG han sido mejorar la consideraci\u00f3n del medio ambiente, la biodiversidad y el cambio clim\u00e1tico en las pol\u00edticas p\u00fablicas, particularmente en el tema de agricultura.<\/p>\n<p>Mis objetivos para el futuro son implementar todas las buenas pr\u00e1cticas existentes, como el mantenimiento y desarrollo de servicios ecosist\u00e9micos, dentro del vi\u00f1edo familiar, en el sur de Francia.\u00a0La idea es convertirlo en un demostrador de pr\u00e1cticas vit\u00edcolas agroecol\u00f3gicas, respetuosas de los ambientes naturales y produciendo vinos de calidad.<\/p>\n<p>[\/et_pb_text][\/et_pb_column][\/et_pb_row][et_pb_row _builder_version=\u00bb4.4.5&#8243; min_height=\u00bb36px\u00bb custom_padding=\u00bb0px||0px||false|false\u00bb][et_pb_column type=\u00bb4_4&#8243; _builder_version=\u00bb4.4.5&#8243;][et_pb_divider _builder_version=\u00bb4.4.5&#8243;][\/et_pb_divider][\/et_pb_column][\/et_pb_row][et_pb_row column_structure=\u00bb1_3,2_3&#8243; _builder_version=\u00bb4.4.5&#8243;][et_pb_column type=\u00bb1_3&#8243; _builder_version=\u00bb4.4.5&#8243;][et_pb_image src=\u00bbhttp:\/\/vccb.cl\/web-wp\/wp-content\/uploads\/2020\/05\/Garance-Journet.jpg\u00bb title_text=\u00bbsdr\u00bb align=\u00bbcenter\u00bb _builder_version=\u00bb4.4.5&#8243; height=\u00bb250px\u00bb][\/et_pb_image][et_pb_button button_url=\u00bbmailto:garancejournet@gmail.com\u00bb url_new_window=\u00bbon\u00bb button_text=\u00bbEnviar Mail\u00bb button_alignment=\u00bbcenter\u00bb _builder_version=\u00bb4.4.5&#8243; custom_button=\u00bbon\u00bb button_text_color=\u00bb#006633&#8243;][\/et_pb_button][\/et_pb_column][et_pb_column type=\u00bb2_3&#8243; _builder_version=\u00bb4.4.5&#8243;][et_pb_text _builder_version=\u00bb4.4.5&#8243; hover_enabled=\u00bb0&#8243;]<\/p>\n<p><strong>Mg. Garance Journet<\/strong><\/p>\n<p>Mg. En Agroecolog\u00eda, NMBU Oslo,\u00a0Noruega &#8211; ESA Angers, France<\/p>\n<p>Trabajo en el desarrollo de una agricultura productiva y reconciliada con la conservaci\u00f3n de los ecosistemas naturales. Realic\u00e9 mi investigaci\u00f3n de tesis para el grado de mag\u00edster con el programa VCCB. Estudi\u00e9 desde la literatura cient\u00edfica y la visi\u00f3n de los viticultores colaboradores del programa, los conocimientos actuales sobre la aplicaci\u00f3n del concepto de servicios ecosist\u00e9micos dentro de las pr\u00e1cticas vit\u00edcolas. Mi integraci\u00f3n al equipo me permiti\u00f3 descubrir y entender el funcionamiento de la industria vitivin\u00edcola chilena e identificar los puntos clave para lograr un trabajo cada vez m\u00e1s cooperativo entre los actores acad\u00e9micos y la industria.<\/p>\n<p>[\/et_pb_text][\/et_pb_column][\/et_pb_row][et_pb_row _builder_version=\u00bb4.4.5&#8243; min_height=\u00bb36px\u00bb custom_padding=\u00bb0px||0px||false|false\u00bb][et_pb_column type=\u00bb4_4&#8243; _builder_version=\u00bb4.4.5&#8243;][et_pb_divider _builder_version=\u00bb4.4.5&#8243;][\/et_pb_divider][\/et_pb_column][\/et_pb_row][et_pb_row column_structure=\u00bb1_3,2_3&#8243; _builder_version=\u00bb4.4.5&#8243;][et_pb_column type=\u00bb1_3&#8243; _builder_version=\u00bb4.4.5&#8243;][et_pb_image src=\u00bbhttp:\/\/vccb.cl\/web-wp\/wp-content\/uploads\/2020\/05\/Luis-Castan\u0303eda.jpeg\u00bb title_text=\u00bbLuis Castan\u0303eda\u00bb align=\u00bbcenter\u00bb _builder_version=\u00bb4.4.5&#8243; height=\u00bb250px\u00bb][\/et_pb_image][et_pb_button button_url=\u00bbmailto:luis.castaneda@uchile.cl\u00bb url_new_window=\u00bbon\u00bb button_text=\u00bbEnviar Mail\u00bb button_alignment=\u00bbcenter\u00bb _builder_version=\u00bb4.4.5&#8243; custom_button=\u00bbon\u00bb button_text_color=\u00bb#006633&#8243;][\/et_pb_button][\/et_pb_column][et_pb_column type=\u00bb2_3&#8243; _builder_version=\u00bb4.4.5&#8243;][et_pb_text _builder_version=\u00bb4.4.5&#8243;]<\/p>\n<p><strong>Luis Casta\u00f1eda<\/strong><br \/> Acad\u00e9mico Programa de Gen\u00e9tica Humana &#8211; Instituto de Ciencias Biom\u00e9dicas. Facultad de Medicina de la Universidad de Chile.<\/p>\n<p>Mis intereses cient\u00edficos est\u00e1n relacionados con el estudio de la interacci\u00f3n entre la fisiolog\u00eda, la ecolog\u00eda y la evoluci\u00f3n con el objetivo de comprender c\u00f3mo se relacionan los mecanismos de adaptaci\u00f3n con el cambio global. Durante muchos a\u00f1os, he estudiado c\u00f3mo las capacidades fisiol\u00f3gicas permiten a los organismos explotar una amplia gama de condiciones ambientales. Por ejemplo, hemos estado interesados \u200b\u200ben el potencial evolutivo y la adaptaci\u00f3n t\u00e9rmica de ectotherms y sus implicaciones en el escenario actual del calentamiento global, as\u00ed como en los costos de adecuaci\u00f3n de estos mecanismos de adaptaci\u00f3n. M\u00e1s recientemente, he comenzado a explorar los factores ecol\u00f3gicos y ambientales que impulsan la composici\u00f3n y estructura de las comunidades microbianas asociadas a diferentes entornos.<\/p>\n<p>[\/et_pb_text][\/et_pb_column][\/et_pb_row][et_pb_row _builder_version=\u00bb4.4.5&#8243; min_height=\u00bb36px\u00bb custom_padding=\u00bb0px||0px||false|false\u00bb][et_pb_column type=\u00bb4_4&#8243; _builder_version=\u00bb4.4.5&#8243;][et_pb_divider _builder_version=\u00bb4.4.5&#8243;][\/et_pb_divider][\/et_pb_column][\/et_pb_row][et_pb_row column_structure=\u00bb1_3,2_3&#8243; _builder_version=\u00bb4.4.5&#8243;][et_pb_column type=\u00bb1_3&#8243; _builder_version=\u00bb4.4.5&#8243;][et_pb_image src=\u00bbhttp:\/\/vccb.cl\/web-wp\/wp-content\/uploads\/2020\/05\/Romina-Zepeda-.jpg\u00bb title_text=\u00bbRomina Zepeda\u00bb align=\u00bbcenter\u00bb _builder_version=\u00bb4.4.5&#8243; height=\u00bb250px\u00bb][\/et_pb_image][et_pb_button button_url=\u00bbmailto:rominazepedapaulo@gmail.com\u00bb url_new_window=\u00bbon\u00bb button_text=\u00bbEnviar Mail\u00bb button_alignment=\u00bbcenter\u00bb _builder_version=\u00bb4.4.5&#8243; custom_button=\u00bbon\u00bb button_text_color=\u00bb#006633&#8243;][\/et_pb_button][\/et_pb_column][et_pb_column type=\u00bb2_3&#8243; _builder_version=\u00bb4.4.5&#8243;][et_pb_text _builder_version=\u00bb4.4.5&#8243;]<\/p>\n<p><strong>Romina Zepeda Paulo<\/strong><\/p>\n<p>Ingeniera en Conservaci\u00f3n de Recursos Naturales<\/p>\n<p>Universidad Austral de Chile<\/p>\n<p>Mi investigaci\u00f3n se desarroll\u00f3 en el Valle de Leyda, con el objetivo de analizar la din\u00e1mica espacio \u2013 temporal del cambio en el uso del suelo y el efecto que se produjo sobre el bosque nativo y matorral escler\u00f3filo del lugar. Por medio de t\u00e9cnicas para la cuantificaci\u00f3n del paisaje. Y as\u00ed aportar antecedentes sobre la evoluci\u00f3n del agroecosistema y la industria vitivinicola del valle entre los a\u00f1os 1996 y 2010.<\/p>\n<p>[\/et_pb_text][\/et_pb_column][\/et_pb_row][\/et_pb_section]<\/p>\n","protected":false},"excerpt":{"rendered":"<p>[et_pb_section fb_built=\u00bb1&#8243; _builder_version=\u00bb4.4.5&#8243; background_image=\u00bbhttp:\/\/vccb.cl\/web-wp\/wp-content\/uploads\/2020\/05\/Fondo01.jpg\u00bb][et_pb_row _builder_version=\u00bb4.4.5&#8243;][et_pb_column type=\u00bb4_4&#8243; _builder_version=\u00bb4.4.5&#8243;][et_pb_text _builder_version=\u00bb4.4.5&#8243; text_font_size=\u00bb27px\u00bb text_line_height=\u00bb1.8em\u00bb] Team Hist\u00f3rico del Programa VCCB [\/et_pb_text][\/et_pb_column][\/et_pb_row][\/et_pb_section][et_pb_section fb_built=\u00bb1&#8243; _builder_version=\u00bb4.4.5&#8243;][et_pb_row column_structure=\u00bb1_3,2_3&#8243; _builder_version=\u00bb4.4.5&#8243;][et_pb_column type=\u00bb1_3&#8243; _builder_version=\u00bb4.4.5&#8243;][et_pb_image src=\u00bbhttp:\/\/vccb.cl\/web-wp\/wp-content\/uploads\/2020\/05\/Carmen-Etcheverry.jpg\u00bb title_text=\u00bbCarmen Etcheverry\u00bb align=\u00bbcenter\u00bb _builder_version=\u00bb4.4.5&#8243; height=\u00bb250px\u00bb][\/et_pb_image][et_pb_button button_url=\u00bbmailto:carmen.etcheverry1@gmail.com\u00bb url_new_window=\u00bbon\u00bb button_text=\u00bbEnviar Mail\u00bb button_alignment=\u00bbcenter\u00bb _builder_version=\u00bb4.4.5&#8243; custom_button=\u00bbon\u00bb button_text_color=\u00bb#006633&#8243;][\/et_pb_button][\/et_pb_column][et_pb_column type=\u00bb2_3&#8243; _builder_version=\u00bb4.4.5&#8243;][et_pb_text _builder_version=\u00bb4.4.5&#8243;] Carmen Etcheverry Ingeniera agr\u00f3noma y en\u00f3loga, Instituto Polit\u00e9cnico Nacional de Toulouse, Francia Domaine ETXE, Francia Despu\u00e9s [&hellip;]<\/p>\n","protected":false},"author":1,"featured_media":0,"parent":0,"menu_order":0,"comment_status":"closed","ping_status":"closed","template":"","meta":{"_et_pb_use_builder":"on","_et_pb_old_content":"","_et_gb_content_width":"","inline_featured_image":false,"_monsterinsights_skip_tracking":false,"_monsterinsights_sitenote_active":false,"_monsterinsights_sitenote_note":"","_monsterinsights_sitenote_category":0,"footnotes":""},"class_list":["post-125","page","type-page","status-publish","hentry"],"_links":{"self":[{"href":"https:\/\/vccb.cl\/web-wp\/wp-json\/wp\/v2\/pages\/125","targetHints":{"allow":["GET"]}}],"collection":[{"href":"https:\/\/vccb.cl\/web-wp\/wp-json\/wp\/v2\/pages"}],"about":[{"href":"https:\/\/vccb.cl\/web-wp\/wp-json\/wp\/v2\/types\/page"}],"author":[{"embeddable":true,"href":"https:\/\/vccb.cl\/web-wp\/wp-json\/wp\/v2\/users\/1"}],"replies":[{"embeddable":true,"href":"https:\/\/vccb.cl\/web-wp\/wp-json\/wp\/v2\/comments?post=125"}],"version-history":[{"count":8,"href":"https:\/\/vccb.cl\/web-wp\/wp-json\/wp\/v2\/pages\/125\/revisions"}],"predecessor-version":[{"id":832,"href":"https:\/\/vccb.cl\/web-wp\/wp-json\/wp\/v2\/pages\/125\/revisions\/832"}],"wp:attachment":[{"href":"https:\/\/vccb.cl\/web-wp\/wp-json\/wp\/v2\/media?parent=125"}],"curies":[{"name":"wp","href":"https:\/\/api.w.org\/{rel}","templated":true}]}}