{"id":123,"date":"2020-05-14T02:57:24","date_gmt":"2020-05-14T02:57:24","guid":{"rendered":"http:\/\/vccb.cl\/web-wp\/?page_id=123"},"modified":"2020-08-29T00:04:05","modified_gmt":"2020-08-29T00:04:05","slug":"team-vccb","status":"publish","type":"page","link":"https:\/\/vccb.cl\/web-wp\/team-vccb\/","title":{"rendered":"Team VCCB"},"content":{"rendered":"<p>[et_pb_section fb_built=\u00bb1&#8243; _builder_version=\u00bb4.4.5&#8243; background_image=\u00bbhttp:\/\/vccb.cl\/web-wp\/wp-content\/uploads\/2020\/05\/Fondo01.jpg\u00bb][et_pb_row _builder_version=\u00bb4.4.5&#8243;][et_pb_column type=\u00bb4_4&#8243; _builder_version=\u00bb4.4.5&#8243;][et_pb_text _builder_version=\u00bb4.4.5&#8243; text_font_size=\u00bb27px\u00bb text_line_height=\u00bb1.8em\u00bb]<\/p>\n<p><span style=\"color: #ffffff;\">\u00a0Team VCCB para Chile<\/span><\/p>\n<p>[\/et_pb_text][\/et_pb_column][\/et_pb_row][\/et_pb_section][et_pb_section fb_built=\u00bb1&#8243; _builder_version=\u00bb4.4.5&#8243;][et_pb_row column_structure=\u00bb1_3,2_3&#8243; _builder_version=\u00bb4.4.5&#8243; custom_padding=\u00bb9px||34px|||\u00bb][et_pb_column type=\u00bb1_3&#8243; _builder_version=\u00bb4.4.5&#8243;][et_pb_image src=\u00bbhttp:\/\/vccb.cl\/web-wp\/wp-content\/uploads\/2020\/05\/Karina-Godoy.jpg\u00bb title_text=\u00bbKarina Godoy\u00bb align=\u00bbcenter\u00bb _builder_version=\u00bb4.4.5&#8243; height=\u00bb250px\u00bb][\/et_pb_image][et_pb_button button_url=\u00bbmailto:karinagodoym@gmail.com\u00bb url_new_window=\u00bbon\u00bb button_text=\u00bbEnviar Mail\u00bb button_alignment=\u00bbcenter\u00bb _builder_version=\u00bb4.4.5&#8243; custom_button=\u00bbon\u00bb button_text_color=\u00bb#006633&#8243; hover_enabled=\u00bb0&#8243;][\/et_pb_button][\/et_pb_column][et_pb_column type=\u00bb2_3&#8243; _builder_version=\u00bb4.4.5&#8243;][et_pb_text _builder_version=\u00bb4.4.5&#8243;]<\/p>\n<p><strong>Karina Godoy \u2013 Coordinadora VCCB<\/strong><\/p>\n<p>Ingeniero en Conservaci\u00f3n de Recursos Naturales, Universidad Austral de Chile<\/p>\n<p>Instituto de Ecolog\u00eda y Biodiversidad (IEB-Chile)<\/p>\n<p>Soy responsable de la coordinaci\u00f3n y gesti\u00f3n de proyectos del VCCB. Mis intereses se enfocan en los sistemas de gesti\u00f3n integrada y las redes de colaboraci\u00f3n entre los diversos actores para contribuir a la conservaci\u00f3n de la biodiversidad en \u00e1reas productivas.\u00a0<\/p>\n<p>[\/et_pb_text][\/et_pb_column][\/et_pb_row][et_pb_row _builder_version=\u00bb4.4.5&#8243; min_height=\u00bb36px\u00bb custom_margin=\u00bb7px|auto||auto||\u00bb custom_padding=\u00bb0px||0px||false|false\u00bb][et_pb_column type=\u00bb4_4&#8243; _builder_version=\u00bb4.4.5&#8243;][et_pb_divider _builder_version=\u00bb4.4.5&#8243; custom_margin=\u00bb11px|||||\u00bb][\/et_pb_divider][\/et_pb_column][\/et_pb_row][et_pb_row column_structure=\u00bb1_3,2_3&#8243; _builder_version=\u00bb4.4.5&#8243; custom_padding=\u00bb6px|||||\u00bb][et_pb_column type=\u00bb1_3&#8243; _builder_version=\u00bb4.4.5&#8243;][et_pb_image src=\u00bbhttp:\/\/vccb.cl\/web-wp\/wp-content\/uploads\/2020\/05\/Rafael-Garci\u0301a.jpg\u00bb title_text=\u00bbRafael Garci\u0301a\u00bb align=\u00bbcenter\u00bb _builder_version=\u00bb4.4.5&#8243; height=\u00bb250px\u00bb][\/et_pb_image][et_pb_button button_url=\u00bbmailto:ragarcia@udec.cl\u00bb url_new_window=\u00bbon\u00bb button_text=\u00bbEnviar Mail\u00bb button_alignment=\u00bbcenter\u00bb _builder_version=\u00bb4.4.5&#8243; custom_button=\u00bbon\u00bb button_text_color=\u00bb#006633&#8243;][\/et_pb_button][\/et_pb_column][et_pb_column type=\u00bb2_3&#8243; _builder_version=\u00bb4.4.5&#8243;][et_pb_text _builder_version=\u00bb4.4.5&#8243;]<\/p>\n<p><strong>Dr. Rafael A. Garc\u00eda &#8211; Coordinador Cient\u00edfico<\/strong><\/p>\n<p>Doctor en Ciencias Forestales, Universidad de Concepci\u00f3n<\/p>\n<p>Instituto de Ecolog\u00eda y Biodiversidad (IEB-Chile)<\/p>\n<p>Facultad de Ciencias Forestales, Universidad de Concepci\u00f3n <\/p>\n<p>A cargo del \u00e1rea de investigaci\u00f3n del VCCB, encargado del desarrollo de proyectos de investigaci\u00f3n y la vinculaci\u00f3n cient\u00edfica con instituciones nacionales e internacionales. Adem\u00e1s, como investigador del Laboratorio de Invasiones Biol\u00f3gicas mis l\u00edneas de investigaci\u00f3n se centran en el estudio de los impactos de las invasiones biol\u00f3gicas, especialmente de plantas le\u00f1osas, y en la b\u00fasqueda de estrategias de manejo para \u00e1reas invadidas. Adicionalmente me interesa el estudio de la Ecolog\u00eda del fuego para entender c\u00f3mo las plantas nativas y ex\u00f3ticas responden a los efectos ocasionados por los incendios forestales.[\/et_pb_text][\/et_pb_column][\/et_pb_row][et_pb_row _builder_version=\u00bb4.4.5&#8243; min_height=\u00bb36px\u00bb custom_padding=\u00bb0px||0px||false|false\u00bb][et_pb_column type=\u00bb4_4&#8243; _builder_version=\u00bb4.4.5&#8243;][et_pb_divider _builder_version=\u00bb4.4.5&#8243;][\/et_pb_divider][\/et_pb_column][\/et_pb_row][et_pb_row column_structure=\u00bb1_3,2_3&#8243; _builder_version=\u00bb4.4.5&#8243; custom_padding=\u00bb9px||34px|||\u00bb][et_pb_column type=\u00bb1_3&#8243; _builder_version=\u00bb4.4.5&#8243;][et_pb_image src=\u00bbhttp:\/\/vccb.cl\/web-wp\/wp-content\/uploads\/2020\/08\/magdalena-radrigan.jpg\u00bb title_text=\u00bbmagdalena radrigan\u00bb align=\u00bbcenter\u00bb _builder_version=\u00bb4.4.5&#8243; height=\u00bb250px\u00bb][\/et_pb_image][et_pb_button button_url=\u00bbmailto:magdalenaradrigan@gmail.com\u00bb url_new_window=\u00bbon\u00bb button_text=\u00bbEnviar Mail\u00bb button_alignment=\u00bbcenter\u00bb _builder_version=\u00bb4.4.5&#8243; custom_button=\u00bbon\u00bb button_text_color=\u00bb#006633&#8243; hover_enabled=\u00bb0&#8243;][\/et_pb_button][\/et_pb_column][et_pb_column type=\u00bb2_3&#8243; _builder_version=\u00bb4.4.5&#8243;][et_pb_text _builder_version=\u00bb4.4.5&#8243;]<\/p>\n<p><strong>Magdalena Radrig\u00e1n \u2013 Coordinadora Comunicaci\u00f3n VCCB<\/strong><br \/> Periodista, Universidad de Santiago de Chile<\/p>\n<p>MA en Comunicaci\u00f3n Estrat\u00e9gica, Universidad Adolfo Ib\u00e1\u00f1ez<\/p>\n<p>MSc en Gesti\u00f3n Internacional de Desastres, Universidad de Manchester.<\/p>\n<p>Coordino los temas de prensa, gestiono las cuentas en medios sociales y creo contenidos. Mis intereses se centran en el estudio de la comunicaci\u00f3n de riesgos y los impactos sociales del cambio clim\u00e1tico.<\/p>\n<p>[\/et_pb_text][\/et_pb_column][\/et_pb_row][et_pb_row _builder_version=\u00bb4.4.5&#8243; min_height=\u00bb36px\u00bb custom_padding=\u00bb0px||0px||false|false\u00bb][et_pb_column type=\u00bb4_4&#8243; _builder_version=\u00bb4.4.5&#8243;][et_pb_divider _builder_version=\u00bb4.4.5&#8243;][\/et_pb_divider][\/et_pb_column][\/et_pb_row][et_pb_row column_structure=\u00bb1_3,2_3&#8243; _builder_version=\u00bb4.4.5&#8243; custom_margin=\u00bb8px|auto||auto||\u00bb custom_padding=\u00bb4px|||||\u00bb][et_pb_column type=\u00bb1_3&#8243; _builder_version=\u00bb4.4.5&#8243;][et_pb_image src=\u00bbhttp:\/\/vccb.cl\/web-wp\/wp-content\/uploads\/2020\/05\/Paz-Dura\u0301n.jpg\u00bb title_text=\u00bbPaz Dura\u0301n\u00bb align=\u00bbcenter\u00bb _builder_version=\u00bb4.4.5&#8243; height=\u00bb250px\u00bb][\/et_pb_image][et_pb_button button_url=\u00bbmailto:paz.duran.moya@gmail.com\u00bb url_new_window=\u00bbon\u00bb button_text=\u00bbEnviar Mail\u00bb button_alignment=\u00bbcenter\u00bb _builder_version=\u00bb4.4.5&#8243; custom_button=\u00bbon\u00bb button_text_color=\u00bb#006633&#8243; hover_enabled=\u00bb0&#8243;][\/et_pb_button][\/et_pb_column][et_pb_column type=\u00bb2_3&#8243; _builder_version=\u00bb4.4.5&#8243;][et_pb_text _builder_version=\u00bb4.4.5&#8243;]<\/p>\n<p><strong>Dra. A. Paz Dur\u00e1n \u2013 Investigadora Postdoctoral<\/strong><\/p>\n<p>Ph.D. Biosciences, University of Exeter, UK.<\/p>\n<p>Instituto de Ecolog\u00eda y Biodiversidad (IEB-Chile)<\/p>\n<p>Universidad Austral de Chile<\/p>\n<p>Mi investigaci\u00f3n se centra en entender c\u00f3mo reconciliar diferentes actividades humanas dentro del paisaje, con el objetivo de integrar la conservaci\u00f3n de la biodiversidad y los servicios ecosist\u00e9micos en el desarrollo socio-econ\u00f3mico. Para responder esta interrogante suelo utilizar herramientas de modelamiento espacial para evaluar sinergias y compromisos entre dichas actividades e intereses humanos. Bajo esta problem\u00e1tica he trabajado en efectividad de \u00e1reas protegidas, conflictos entre usos de suelo, sustentabilidad de cadenas de producci\u00f3n y m\u00e9tricas de biodiversidad para la toma de decisiones. Dado que las problem\u00e1ticas ambientales son multi-dimensionales, me interesa\u00a0 trabajar\u00a0particularmente con\u00a0grupos multidisciplinarios e interactuar con diferentes actores, para as\u00ed contribuir en promover la toma de decisiones basada en evidencia.\u00a0<\/p>\n<p>[\/et_pb_text][\/et_pb_column][\/et_pb_row][et_pb_row _builder_version=\u00bb4.4.5&#8243; min_height=\u00bb36px\u00bb custom_padding=\u00bb0px||0px||false|false\u00bb][et_pb_column type=\u00bb4_4&#8243; _builder_version=\u00bb4.4.5&#8243;][et_pb_divider _builder_version=\u00bb4.4.5&#8243;][\/et_pb_divider][\/et_pb_column][\/et_pb_row][et_pb_row column_structure=\u00bb1_3,2_3&#8243; _builder_version=\u00bb4.4.5&#8243; custom_padding=\u00bb6px|||||\u00bb][et_pb_column type=\u00bb1_3&#8243; _builder_version=\u00bb4.4.5&#8243;][et_pb_image src=\u00bbhttp:\/\/vccb.cl\/web-wp\/wp-content\/uploads\/2020\/05\/Enzo-Silva.jpg\u00bb title_text=\u00bbEnzo Silva\u00bb align=\u00bbcenter\u00bb _builder_version=\u00bb4.4.5&#8243; height=\u00bb250px\u00bb][\/et_pb_image][et_pb_button button_url=\u00bbmailto:enzosilva994@gmail.com\u00bb url_new_window=\u00bbon\u00bb button_text=\u00bbEnviar Mail\u00bb button_alignment=\u00bbcenter\u00bb _builder_version=\u00bb4.4.5&#8243; custom_button=\u00bbon\u00bb button_text_color=\u00bb#006633&#8243; hover_enabled=\u00bb0&#8243;][\/et_pb_button][\/et_pb_column][et_pb_column type=\u00bb2_3&#8243; _builder_version=\u00bb4.4.5&#8243;][et_pb_text _builder_version=\u00bb4.4.5&#8243;]<\/p>\n<p><strong>Enzo Silva<\/strong><\/p>\n<p>Tesista de pregrado de Geograf\u00eda, Universidad Austral de Chile<\/p>\n<p>Mis l\u00edneas de investigaci\u00f3n se centran en el estudio de los cambios en los usos de suelo producto de la expansi\u00f3n vit\u00edcola en la zona central de Chile, espec\u00edficamente dentro del Valle de Colchagua. Mi objetivo est\u00e1 enfocado en comprender las consecuencias que genera la expansi\u00f3n vit\u00edcola sobre los servicios ecosist\u00e9micos y c\u00f3mo afecta a la poblaci\u00f3n esta actividad productiva. Trabajar en el VCCB, me ayuda a entender el desarrollo de la actividad vin\u00edfera en Chile, el posicionamiento del pa\u00eds frente a los mercados nacionales e internacionales y clarificar la necesidad de poder conservar el mediterr\u00e1neo chileno ya que, de esta manera, se pueden mantener en el tiempo los servicios ecosist\u00e9micos, al igual que la biodiversidad y los asentamientos humanos en el territorio.\u00a0<\/p>\n<p>[\/et_pb_text][\/et_pb_column][\/et_pb_row][\/et_pb_section]<\/p>\n","protected":false},"excerpt":{"rendered":"<p>[et_pb_section fb_built=\u00bb1&#8243; _builder_version=\u00bb4.4.5&#8243; background_image=\u00bbhttp:\/\/vccb.cl\/web-wp\/wp-content\/uploads\/2020\/05\/Fondo01.jpg\u00bb][et_pb_row _builder_version=\u00bb4.4.5&#8243;][et_pb_column type=\u00bb4_4&#8243; _builder_version=\u00bb4.4.5&#8243;][et_pb_text _builder_version=\u00bb4.4.5&#8243; text_font_size=\u00bb27px\u00bb text_line_height=\u00bb1.8em\u00bb] \u00a0Team VCCB para Chile [\/et_pb_text][\/et_pb_column][\/et_pb_row][\/et_pb_section][et_pb_section fb_built=\u00bb1&#8243; _builder_version=\u00bb4.4.5&#8243;][et_pb_row column_structure=\u00bb1_3,2_3&#8243; _builder_version=\u00bb4.4.5&#8243; custom_padding=\u00bb9px||34px|||\u00bb][et_pb_column type=\u00bb1_3&#8243; _builder_version=\u00bb4.4.5&#8243;][et_pb_image src=\u00bbhttp:\/\/vccb.cl\/web-wp\/wp-content\/uploads\/2020\/05\/Karina-Godoy.jpg\u00bb title_text=\u00bbKarina Godoy\u00bb align=\u00bbcenter\u00bb _builder_version=\u00bb4.4.5&#8243; height=\u00bb250px\u00bb][\/et_pb_image][et_pb_button button_url=\u00bbmailto:karinagodoym@gmail.com\u00bb url_new_window=\u00bbon\u00bb button_text=\u00bbEnviar Mail\u00bb button_alignment=\u00bbcenter\u00bb _builder_version=\u00bb4.4.5&#8243; custom_button=\u00bbon\u00bb button_text_color=\u00bb#006633&#8243; hover_enabled=\u00bb0&#8243;][\/et_pb_button][\/et_pb_column][et_pb_column type=\u00bb2_3&#8243; _builder_version=\u00bb4.4.5&#8243;][et_pb_text _builder_version=\u00bb4.4.5&#8243;] Karina Godoy \u2013 Coordinadora VCCB Ingeniero en Conservaci\u00f3n de Recursos Naturales, Universidad Austral de Chile [&hellip;]<\/p>\n","protected":false},"author":1,"featured_media":0,"parent":0,"menu_order":0,"comment_status":"closed","ping_status":"closed","template":"","meta":{"_et_pb_use_builder":"on","_et_pb_old_content":"","_et_gb_content_width":"","inline_featured_image":false,"_monsterinsights_skip_tracking":false,"_monsterinsights_sitenote_active":false,"_monsterinsights_sitenote_note":"","_monsterinsights_sitenote_category":0,"footnotes":""},"class_list":["post-123","page","type-page","status-publish","hentry"],"_links":{"self":[{"href":"https:\/\/vccb.cl\/web-wp\/wp-json\/wp\/v2\/pages\/123","targetHints":{"allow":["GET"]}}],"collection":[{"href":"https:\/\/vccb.cl\/web-wp\/wp-json\/wp\/v2\/pages"}],"about":[{"href":"https:\/\/vccb.cl\/web-wp\/wp-json\/wp\/v2\/types\/page"}],"author":[{"embeddable":true,"href":"https:\/\/vccb.cl\/web-wp\/wp-json\/wp\/v2\/users\/1"}],"replies":[{"embeddable":true,"href":"https:\/\/vccb.cl\/web-wp\/wp-json\/wp\/v2\/comments?post=123"}],"version-history":[{"count":14,"href":"https:\/\/vccb.cl\/web-wp\/wp-json\/wp\/v2\/pages\/123\/revisions"}],"predecessor-version":[{"id":657,"href":"https:\/\/vccb.cl\/web-wp\/wp-json\/wp\/v2\/pages\/123\/revisions\/657"}],"wp:attachment":[{"href":"https:\/\/vccb.cl\/web-wp\/wp-json\/wp\/v2\/media?parent=123"}],"curies":[{"name":"wp","href":"https:\/\/api.w.org\/{rel}","templated":true}]}}